{"id":84,"date":"2014-10-23T09:22:51","date_gmt":"2014-10-23T09:22:51","guid":{"rendered":"https:\/\/xml-io.proteusthemes.com\/buildpress\/?page_id=84"},"modified":"2025-06-18T12:44:36","modified_gmt":"2025-06-18T12:44:36","slug":"carpintaria","status":"publish","type":"page","link":"https:\/\/voodagarca.pt\/index.php\/servicos\/carpintaria\/","title":{"rendered":"Carpintaria"},"content":{"rendered":"<div id=\"pl-84\"  class=\"panel-layout\" ><div id=\"pg-84-0\"  class=\"panel-grid panel-no-style\" ><div id=\"pgc-84-0-0\"  class=\"panel-grid-cell\" ><div id=\"panel-84-0-0-0\" class=\"so-panel widget widget_black-studio-tinymce widget_black_studio_tinymce panel-first-child panel-last-child\" data-index=\"0\" ><h3 class=\"widget-title\">Carpintaria<\/h3><div class=\"textwidget\"><div class=\"mb-[16px]\">\n<p class=\"font-[500] text-[1.8em] mb-[26px] font-serif mt-0\" data-slate-node=\"element\" data-anchor=\"carpintariavoodagar%C3%A7aconstru%C3%A7%C3%A3oeremodela%C3%A7%C3%A3o\"><span style=\"font-size: 14px;\" data-slate-node=\"text\"><span class=\"\" data-slate-leaf=\"true\">Na <strong>Voo da Gar\u00e7a<\/strong>, tempos parceiros especializados em <\/span><\/span><span style=\"font-size: 14px;\" data-slate-node=\"text\"><span class=\"font-bold\" data-slate-leaf=\"true\">servi\u00e7os de carpintaria<\/span><\/span><span style=\"font-size: 14px;\" data-slate-node=\"text\"><span class=\"\" data-slate-leaf=\"true\"> para projetos residenciais e comerciais, oferecendo solu\u00e7\u00f5es personalizadas e de alta qualidade. Carpinteiros experientes e qualificados dedicam-se a transformar ideias em realidade, utilizando todo o tipo de materiais e madeiras nobres e materiais de excel\u00eancia para garantir durabilidade, funcionalidade e est\u00e9tica em cada pe\u00e7a.<\/span><\/span><\/p>\n<\/div>\n<div class=\"mb-[16px]\">\n<p class=\"mb-4 last:mb-0 whitespace-pre-wrap u-break-words text-[16px] color-[var(--theme-text-primary)] leading-[28px]\" data-slate-node=\"element\"><span data-slate-node=\"text\"><span class=\"\" data-slate-leaf=\"true\">Desde a cria\u00e7\u00e3o de mobili\u00e1rio \u00e0 medida at\u00e9 \u00e0 instala\u00e7\u00e3o de estruturas complexas, trabalhamos com <\/span><\/span><span data-slate-node=\"text\"><span class=\"font-bold\" data-slate-leaf=\"true\">precis\u00e3o e aten\u00e7\u00e3o ao detalhe<\/span><\/span><span data-slate-node=\"text\"><span class=\"\" data-slate-leaf=\"true\">, assegurando que cada projeto reflete a vis\u00e3o do cliente e cumpre os mais elevados padr\u00f5es de qualidade. O nosso compromisso \u00e9 com a satisfa\u00e7\u00e3o total, entregando trabalhos que superam as expectativas.<\/span><\/span><\/p>\n<\/div>\n<div class=\"mb-[16px]\">\n<h3 class=\"font-[500] text-[1.25em] mt-[24px] mb-[16px]\" data-slate-node=\"element\" data-anchor=\"servi%C3%A7osdecarpintaria%3A\"><span data-slate-node=\"text\"><span class=\"\" data-slate-leaf=\"true\">Servi\u00e7os de Carpintaria:<\/span><\/span><\/h3>\n<\/div>\n<div class=\"mb-[16px]\">\n<div class=\"flex flex-row text-[var(--text-primary)] ml-[8px] my-[8px] leading-[28px]\" data-slate-node=\"element\"><span class=\"flex-1 font-normal text-[16px] text-[var(--text-primary)]\"><span data-slate-node=\"text\"><span class=\"\" data-slate-leaf=\"true\">\u2022\ud83d\udecb\ufe0f Fabrico e instala\u00e7\u00e3o de mobili\u00e1rio \u00e0 medida (cozinhas, roupeiros,...)<br \/>\n\u2022\ud83d\udeaa Fabrico e instala\u00e7\u00e3o de portas e aros<\/span><\/span><\/span><\/div>\n<div data-slate-node=\"element\"><span class=\"flex-1 font-normal text-[16px] text-[var(--text-primary)]\"><span data-slate-node=\"text\"><span class=\"\" data-slate-leaf=\"true\">\u2022\ud83e\udeb5 Fornecimento e instala\u00e7\u00e3o de pavimentos (madeira ou flutuantes) e decks de madeira ou de comp\u00f3sito<\/span><\/span><\/span><\/div>\n<\/div>\n<div class=\"mb-[16px]\">\n<div class=\"flex flex-row text-[var(--text-primary)] ml-[8px] my-[8px] leading-[28px]\" data-slate-node=\"element\"><span class=\"flex-1 font-normal text-[16px] text-[var(--text-primary)]\"><span data-slate-node=\"text\"><span class=\"\" data-slate-leaf=\"true\">\u2022\ud83e\ude9c Constru\u00e7\u00e3o e revestimento de escadas<\/span><\/span><\/span><\/div>\n<\/div>\n<div class=\"mb-[16px]\">\n<div class=\"flex flex-row text-[var(--text-primary)] ml-[8px] my-[8px] leading-[28px]\" data-slate-node=\"element\"><span class=\"flex-1 font-normal text-[16px] text-[var(--text-primary)]\"><span data-slate-node=\"text\"><span class=\"\" data-slate-leaf=\"true\">\u2022\ud83e\udeb5 Fornecimento e montagem de rodap\u00e9s<br \/>\n\u2022\ud83c\udf32 Afagamento e envernizamento de pavimentos<br \/>\n<\/span><\/span><\/span><\/div>\n<\/div>\n<div class=\"mb-[16px]\">\n<h3 class=\"font-[500] text-[1.25em] mt-[24px] mb-[16px]\" data-slate-node=\"element\" data-anchor=\"solu%C3%A7%C3%B5espersonalizadasedesign\"><span data-slate-node=\"text\"><span class=\"\" data-slate-leaf=\"true\">Solu\u00e7\u00f5es Personalizadas e Design<\/span><\/span><\/h3>\n<\/div>\n<div class=\"mb-[16px]\">\n<div class=\"mb-4 last:mb-0 whitespace-pre-wrap u-break-words text-[16px] color-[var(--theme-text-primary)] leading-[28px]\" data-slate-node=\"element\">\n<p><span data-slate-node=\"text\"><span class=\"\" data-slate-leaf=\"true\">Oferecemos um servi\u00e7o de <\/span><\/span><span data-slate-node=\"text\"><span class=\"font-bold\" data-slate-leaf=\"true\">design e personaliza\u00e7\u00e3o<\/span><\/span><span data-slate-node=\"text\"><span class=\"\" data-slate-leaf=\"true\"> para alguns dos projetos de carpintaria, garantindo que cada solu\u00e7\u00e3o \u00e9 \u00fanica e se integra perfeitamente no espa\u00e7o. Acompanhamos o cliente em todas as fases, desde a conce\u00e7\u00e3o inicial at\u00e9 \u00e0 escolha dos acabamentos, para criar ambientes que combinam funcionalidade e beleza.<\/span><\/span><\/p>\n<p>&nbsp;<\/p><\/div>\n<\/div>\n<div class=\"mb-[16px]\">\n<div class=\"flex flex-row text-[var(--text-primary)] ml-[8px] my-[8px] leading-[28px]\" data-slate-node=\"element\"><span class=\"flex-1 font-normal text-[16px] text-[var(--text-primary)]\"><span data-slate-node=\"text\"><span class=\"\" data-slate-leaf=\"true\">\u2022\ud83c\udfa8 Design de interiores com elementos em madeira<\/span><\/span><\/span><\/div>\n<\/div>\n<div class=\"mb-[16px]\">\n<div class=\"flex flex-row text-[var(--text-primary)] ml-[8px] my-[8px] leading-[28px]\" data-slate-node=\"element\"><span class=\"flex-1 font-normal text-[16px] text-[var(--text-primary)]\"><span data-slate-node=\"text\"><span class=\"\" data-slate-leaf=\"true\">\u2022\ud83d\udcd0 Projetos 3D para visualiza\u00e7\u00e3o de mobili\u00e1rio (cozinhas)<\/span><\/span><\/span><\/div>\n<\/div>\n<div class=\"mb-[16px]\">\n<div class=\"flex flex-row text-[var(--text-primary)] ml-[8px] my-[8px] leading-[28px]\" data-slate-node=\"element\"><span class=\"flex-1 font-normal text-[16px] text-[var(--text-primary)]\"><span data-slate-node=\"text\"><span class=\"\" data-slate-leaf=\"true\">\u2022\ud83c\udf32 Sele\u00e7\u00e3o de madeiras e acabamentos de alta qualidade<\/span><\/span><\/span><\/div>\n<\/div>\n<div class=\"mb-[16px]\">\n<div class=\"flex flex-row text-[var(--text-primary)] ml-[8px] my-[8px] leading-[28px]\" data-slate-node=\"element\"><span class=\"flex-1 font-normal text-[16px] text-[var(--text-primary)]\"><span data-slate-node=\"text\"><span class=\"\" data-slate-leaf=\"true\">\u2022\ud83d\udca1 Solu\u00e7\u00f5es inovadoras para otimiza\u00e7\u00e3o de espa\u00e7os<\/span><\/span><\/span><\/div>\n<\/div>\n<div class=\"mb-[16px]\">\n<h2 class=\"font-[500] text-[1.5em] mt-[36px] mb-[0.8em]\" data-slate-node=\"element\" data-anchor=\"porqu%C3%AAescolheravoodagar%C3%A7a%3F\"><span data-slate-node=\"text\"><span class=\"\" data-slate-leaf=\"true\">Porqu\u00ea escolher a Voo da Gar\u00e7a?<\/span><\/span><\/h2>\n<\/div>\n<div class=\"mb-[16px]\">\n<div class=\"flex flex-row text-[var(--text-primary)] ml-[8px] my-[8px] leading-[28px]\" data-slate-node=\"element\"><span class=\"flex-1 font-normal text-[16px] text-[var(--text-primary)]\"><span data-slate-node=\"text\"><span class=\"\" data-slate-leaf=\"true\">\u2714\ufe0f T\u00e9cnicos especializados e certificados<\/span><\/span><\/span><\/div>\n<\/div>\n<div class=\"mb-[16px]\">\n<div class=\"flex flex-row text-[var(--text-primary)] ml-[8px] my-[8px] leading-[28px]\" data-slate-node=\"element\"><span class=\"flex-1 font-normal text-[16px] text-[var(--text-primary)]\"><span data-slate-node=\"text\"><span class=\"\" data-slate-leaf=\"true\">\u2714\ufe0f Or\u00e7amentos transparentes e sem surpresas<\/span><\/span><\/span><\/div>\n<\/div>\n<div class=\"mb-[16px]\">\n<div class=\"flex flex-row text-[var(--text-primary)] ml-[8px] my-[8px] leading-[28px]\" data-slate-node=\"element\"><span class=\"flex-1 font-normal text-[16px] text-[var(--text-primary)]\"><span data-slate-node=\"text\"><span class=\"\" data-slate-leaf=\"true\">\u2714\ufe0f Conformidade total com as normas t\u00e9cnicas e de seguran\u00e7a<\/span><\/span><\/span><\/div>\n<\/div>\n<div class=\"mb-[16px]\">\n<div class=\"flex flex-row text-[var(--text-primary)] ml-[8px] my-[8px] leading-[28px]\" data-slate-node=\"element\"><span class=\"flex-1 font-normal text-[16px] text-[var(--text-primary)]\"><span data-slate-node=\"text\"><span class=\"\" data-slate-leaf=\"true\">\u2714\ufe0f Acompanhamento t\u00e9cnico e p\u00f3s-venda<\/span><\/span><\/span><\/div>\n<div data-slate-node=\"element\"><\/div>\n<\/div>\n<div class=\"mb-[16px]\">\n<div class=\"mb-4 last:mb-0 whitespace-pre-wrap u-break-words text-[16px] color-[var(--theme-text-primary)] leading-[28px]\" data-slate-node=\"element\"><span data-slate-node=\"text\"><span class=\"\" data-slate-leaf=\"true\">Transforme o seu espa\u00e7o com a qualidade e a arte da carpintaria da Voo da Gar\u00e7a. Confie na nossa experi\u00eancia para projetos que aliam beleza, funcionalidade e durabilidade.<\/span><\/span><\/div>\n<div data-slate-node=\"element\"><\/div>\n<\/div>\n<div class=\"mb-[16px]\" data-slate-fragment=\"JTVCJTdCJTIydHlwZSUyMiUzQSUyMmhlYWRpbmclMjIlMkMlMjJsZXZlbCUyMiUzQTElMkMlMjJjaGlsZHJlbiUyMiUzQSU1QiU3QiUyMnRleHQlMjIlM0ElMjJDYXJwaW50YXJpYSUyMC0lMjBWT08lMjBEQSUyMEdBUiVDMyU4N0ElMjAtJTIwQ29uc3RydSVDMyVBNyVDMyVBM28lMjBlJTIwUmVtb2RlbGElQzMlQTclQzMlQTNvJTIyJTdEJTVEJTdEJTJDJTdCJTIydHlwZSUyMiUzQSUyMmhlYWRpbmclMjIlMkMlMjJsZXZlbCUyMiUzQTIlMkMlMjJjaGlsZHJlbiUyMiUzQSU1QiU3QiUyMnRleHQlMjIlM0ElMjJDYXJwaW50YXJpYSUyMiU3RCU1RCU3RCUyQyU3QiUyMnR5cGUlMjIlM0ElMjJwJTIyJTJDJTIyY2hpbGRyZW4lMjIlM0ElNUIlN0IlMjJ0ZXh0JTIyJTNBJTIyTmElMjBWb28lMjBkYSUyMEdhciVDMyVBN2ElMkMlMjBzb21vcyUyMGVzcGVjaWFsaXN0YXMlMjBlbSUyMCUyMiU3RCUyQyU3QiUyMnRleHQlMjIlM0ElMjJzZXJ2aSVDMyVBN29zJTIwZGUlMjBjYXJwaW50YXJpYSUyMiUyQyUyMmJvbGQlMjIlM0F0cnVlJTdEJTJDJTdCJTIydGV4dCUyMiUzQSUyMiUyMHBhcmElMjBwcm9qZXRvcyUyMHJlc2lkZW5jaWFpcyUyQyUyMGNvbWVyY2lhaXMlMjBlJTIwaW5kdXN0cmlhaXMlMkMlMjBvZmVyZWNlbmRvJTIwc29sdSVDMyVBNyVDMyVCNWVzJTIwcGVyc29uYWxpemFkYXMlMjBlJTIwZGUlMjBhbHRhJTIwcXVhbGlkYWRlLiUyMEElMjBub3NzYSUyMGVxdWlwYSUyMGRlJTIwY2FycGludGVpcm9zJTIwZXhwZXJpZW50ZXMlMjBlJTIwcXVhbGlmaWNhZG9zJTIwZGVkaWNhLXNlJTIwYSUyMHRyYW5zZm9ybWFyJTIwaWRlaWFzJTIwZW0lMjByZWFsaWRhZGUlMkMlMjB1dGlsaXphbmRvJTIwbWFkZWlyYXMlMjBub2JyZXMlMjBlJTIwbWF0ZXJpYWlzJTIwZGUlMjBleGNlbCVDMyVBQW5jaWElMjBwYXJhJTIwZ2FyYW50aXIlMjBkdXJhYmlsaWRhZGUlMkMlMjBmdW5jaW9uYWxpZGFkZSUyMGUlMjBlc3QlQzMlQTl0aWNhJTIwZW0lMjBjYWRhJTIwcGUlQzMlQTdhLiUyMiU3RCU1RCU3RCUyQyU3QiUyMnR5cGUlMjIlM0ElMjJwJTIyJTJDJTIyY2hpbGRyZW4lMjIlM0ElNUIlN0IlMjJ0ZXh0JTIyJTNBJTIyRGVzZGUlMjBhJTIwY3JpYSVDMyVBNyVDMyVBM28lMjBkZSUyMG1vYmlsaSVDMyVBMXJpbyUyMCVDMyVBMCUyMG1lZGlkYSUyMGF0JUMzJUE5JTIwJUMzJUEwJTIwaW5zdGFsYSVDMyVBNyVDMyVBM28lMjBkZSUyMGVzdHJ1dHVyYXMlMjBjb21wbGV4YXMlMkMlMjB0cmFiYWxoYW1vcyUyMGNvbSUyMCUyMiU3RCUyQyU3QiUyMnRleHQlMjIlM0ElMjJwcmVjaXMlQzMlQTNvJTIwZSUyMGF0ZW4lQzMlQTclQzMlQTNvJTIwYW8lMjBkZXRhbGhlJTIyJTJDJTIyYm9sZCUyMiUzQXRydWUlN0QlMkMlN0IlMjJ0ZXh0JTIyJTNBJTIyJTJDJTIwYXNzZWd1cmFuZG8lMjBxdWUlMjBjYWRhJTIwcHJvamV0byUyMHJlZmxldGUlMjBhJTIwdmlzJUMzJUEzbyUyMGRvJTIwY2xpZW50ZSUyMGUlMjBjdW1wcmUlMjBvcyUyMG1haXMlMjBlbGV2YWRvcyUyMHBhZHIlQzMlQjVlcyUyMGRlJTIwcXVhbGlkYWRlLiUyME8lMjBub3NzbyUyMGNvbXByb21pc3NvJTIwJUMzJUE5JTIwY29tJTIwYSUyMHNhdGlzZmElQzMlQTclQzMlQTNvJTIwdG90YWwlMkMlMjBlbnRyZWdhbmRvJTIwdHJhYmFsaG9zJTIwcXVlJTIwc3VwZXJhbSUyMGFzJTIwZXhwZWN0YXRpdmFzLiUyMiU3RCU1RCU3RCUyQyU3QiUyMnR5cGUlMjIlM0ElMjJoZWFkaW5nJTIyJTJDJTIybGV2ZWwlMjIlM0EzJTJDJTIyY2hpbGRyZW4lMjIlM0ElNUIlN0IlMjJ0ZXh0JTIyJTNBJTIyU2VydmklQzMlQTdvcyUyMGRlJTIwQ2FycGludGFyaWElM0ElMjIlN0QlNUQlN0QlMkMlN0IlMjJ0eXBlJTIyJTNBJTIybGlzdEl0ZW0lMjIlMkMlMjJvcmRlcmVkJTIyJTNBZmFsc2UlMkMlMjJjaGlsZHJlbiUyMiUzQSU1QiU3QiUyMnRleHQlMjIlM0ElMjIlRjAlOUYlOUElQUElMjBJbnN0YWxhJUMzJUE3JUMzJUEzbyUyMGUlMjByZXBhcmElQzMlQTclQzMlQTNvJTIwZGUlMjBwb3J0YXMlMjBlJTIwYXJvcyUyMiU3RCU1RCU3RCUyQyU3QiUyMnR5cGUlMjIlM0ElMjJsaXN0SXRlbSUyMiUyQyUyMm9yZGVyZWQlMjIlM0FmYWxzZSUyQyUyMmNoaWxkcmVuJTIyJTNBJTVCJTdCJTIydGV4dCUyMiUzQSUyMiVGMCU5RiVBQSU5RiUyMEluc3RhbGElQzMlQTclQzMlQTNvJTIwZSUyMHJlcGFyYSVDMyVBNyVDMyVBM28lMjBkZSUyMGphbmVsYXMlMjBlJTIwY2FpeGlsaGFyaWFzJTIyJTdEJTVEJTdEJTJDJTdCJTIydHlwZSUyMiUzQSUyMmxpc3RJdGVtJTIyJTJDJTIyb3JkZXJlZCUyMiUzQWZhbHNlJTJDJTIyY2hpbGRyZW4lMjIlM0ElNUIlN0IlMjJ0ZXh0JTIyJTNBJTIyJUYwJTlGJTlCJThCJUVGJUI4JThGJTIwRmFicmljbyUyMGUlMjBpbnN0YWxhJUMzJUE3JUMzJUEzbyUyMGRlJTIwbW9iaWxpJUMzJUExcmlvJTIwJUMzJUEwJTIwbWVkaWRhJTIwKGNvemluaGFzJTJDJTIwcm91cGVpcm9zJTJDJTIwZXN0YW50ZXMpJTIyJTdEJTVEJTdEJTJDJTdCJTIydHlwZSUyMiUzQSUyMmxpc3RJdGVtJTIyJTJDJTIyb3JkZXJlZCUyMiUzQWZhbHNlJTJDJTIyY2hpbGRyZW4lMjIlM0ElNUIlN0IlMjJ0ZXh0JTIyJTNBJTIyJUYwJTlGJUFBJTlDJTIwQ29uc3RydSVDMyVBNyVDMyVBM28lMjBlJTIwcmV2ZXN0aW1lbnRvJTIwZGUlMjBlc2NhZGFzJTIyJTdEJTVEJTdEJTJDJTdCJTIydHlwZSUyMiUzQSUyMmxpc3RJdGVtJTIyJTJDJTIyb3JkZXJlZCUyMiUzQWZhbHNlJTJDJTIyY2hpbGRyZW4lMjIlM0ElNUIlN0IlMjJ0ZXh0JTIyJTNBJTIyJUYwJTlGJUFBJUI1JTIwQXBsaWNhJUMzJUE3JUMzJUEzbyUyMGRlJTIwc29hbGhvcyUyMGUlMjBkZWNrcyUyMGRlJTIwbWFkZWlyYSUyMiU3RCU1RCU3RCUyQyU3QiUyMnR5cGUlMjIlM0ElMjJsaXN0SXRlbSUyMiUyQyUyMm9yZGVyZWQlMjIlM0FmYWxzZSUyQyUyMmNoaWxkcmVuJTIyJTNBJTVCJTdCJTIydGV4dCUyMiUzQSUyMiVGMCU5RiU5QiVBMCVFRiVCOCU4RiUyME1hbnV0ZW4lQzMlQTclQzMlQTNvJTIwZSUyMHJlc3RhdXJvJTIwZGUlMjBlbGVtZW50b3MlMjBlbSUyMG1hZGVpcmElMjIlN0QlNUQlN0QlMkMlN0IlMjJ0eXBlJTIyJTNBJTIyaGVhZGluZyUyMiUyQyUyMmxldmVsJTIyJTNBMyUyQyUyMmNoaWxkcmVuJTIyJTNBJTVCJTdCJTIydGV4dCUyMiUzQSUyMlNvbHUlQzMlQTclQzMlQjVlcyUyMFBlcnNvbmFsaXphZGFzJTIwZSUyMERlc2lnbiUyMiU3RCU1RCU3RCUyQyU3QiUyMnR5cGUlMjIlM0ElMjJwJTIyJTJDJTIyY2hpbGRyZW4lMjIlM0ElNUIlN0IlMjJ0ZXh0JTIyJTNBJTIyT2ZlcmVjZW1vcyUyMHVtJTIwc2VydmklQzMlQTdvJTIwZGUlMjAlMjIlN0QlMkMlN0IlMjJ0ZXh0JTIyJTNBJTIyZGVzaWduJTIwZSUyMHBlcnNvbmFsaXphJUMzJUE3JUMzJUEzbyUyMiUyQyUyMmJvbGQlMjIlM0F0cnVlJTdEJTJDJTdCJTIydGV4dCUyMiUzQSUyMiUyMHBhcmElMjB0b2RvcyUyMG9zJTIwcHJvamV0b3MlMjBkZSUyMGNhcnBpbnRhcmlhJTJDJTIwZ2FyYW50aW5kbyUyMHF1ZSUyMGNhZGElMjBzb2x1JUMzJUE3JUMzJUEzbyUyMCVDMyVBOSUyMCVDMyVCQW5pY2ElMjBlJTIwc2UlMjBpbnRlZ3JhJTIwcGVyZmVpdGFtZW50ZSUyMG5vJTIwZXNwYSVDMyVBN28uJTIwQWNvbXBhbmhhbW9zJTIwbyUyMGNsaWVudGUlMjBlbSUyMHRvZGFzJTIwYXMlMjBmYXNlcyUyQyUyMGRlc2RlJTIwYSUyMGNvbmNlJUMzJUE3JUMzJUEzbyUyMGluaWNpYWwlMjBhdCVDMyVBOSUyMCVDMyVBMCUyMGVzY29saGElMjBkb3MlMjBhY2FiYW1lbnRvcyUyQyUyMHBhcmElMjBjcmlhciUyMGFtYmllbnRlcyUyMHF1ZSUyMGNvbWJpbmFtJTIwZnVuY2lvbmFsaWRhZGUlMjBlJTIwYmVsZXphLiUyMiU3RCU1RCU3RCUyQyU3QiUyMnR5cGUlMjIlM0ElMjJsaXN0SXRlbSUyMiUyQyUyMm9yZGVyZWQlMjIlM0FmYWxzZSUyQyUyMmNoaWxkcmVuJTIyJTNBJTVCJTdCJTIydGV4dCUyMiUzQSUyMiVGMCU5RiU4RSVBOCUyMERlc2lnbiUyMGRlJTIwaW50ZXJpb3JlcyUyMGNvbSUyMGVsZW1lbnRvcyUyMGVtJTIwbWFkZWlyYSUyMiU3RCU1RCU3RCUyQyU3QiUyMnR5cGUlMjIlM0ElMjJsaXN0SXRlbSUyMiUyQyUyMm9yZGVyZWQlMjIlM0FmYWxzZSUyQyUyMmNoaWxkcmVuJTIyJTNBJTVCJTdCJTIydGV4dCUyMiUzQSUyMiVGMCU5RiU5MyU5MCUyMFByb2pldG9zJTIwM0QlMjBwYXJhJTIwdmlzdWFsaXphJUMzJUE3JUMzJUEzbyUyMGRlJTIwbW9iaWxpJUMzJUExcmlvJTIwZSUyMGVzdHJ1dHVyYXMlMjIlN0QlNUQlN0QlMkMlN0IlMjJ0eXBlJTIyJTNBJTIybGlzdEl0ZW0lMjIlMkMlMjJvcmRlcmVkJTIyJTNBZmFsc2UlMkMlMjJjaGlsZHJlbiUyMiUzQSU1QiU3QiUyMnRleHQlMjIlM0ElMjIlRjAlOUYlOEMlQjIlMjBTZWxlJUMzJUE3JUMzJUEzbyUyMGRlJTIwbWFkZWlyYXMlMjBlJTIwYWNhYmFtZW50b3MlMjBkZSUyMGFsdGElMjBxdWFsaWRhZGUlMjIlN0QlNUQlN0QlMkMlN0IlMjJ0eXBlJTIyJTNBJTIybGlzdEl0ZW0lMjIlMkMlMjJvcmRlcmVkJTIyJTNBZmFsc2UlMkMlMjJjaGlsZHJlbiUyMiUzQSU1QiU3QiUyMnRleHQlMjIlM0ElMjIlRjAlOUYlOTIlQTElMjBTb2x1JUMzJUE3JUMzJUI1ZXMlMjBpbm92YWRvcmFzJTIwcGFyYSUyMG90aW1pemElQzMlQTclQzMlQTNvJTIwZGUlMjBlc3BhJUMzJUE3b3MlMjIlN0QlNUQlN0QlMkMlN0IlMjJ0eXBlJTIyJTNBJTIyaGVhZGluZyUyMiUyQyUyMmxldmVsJTIyJTNBMiUyQyUyMmNoaWxkcmVuJTIyJTNBJTVCJTdCJTIydGV4dCUyMiUzQSUyMlBvcnF1JUMzJUFBJTIwZXNjb2xoZXIlMjBhJTIwVm9vJTIwZGElMjBHYXIlQzMlQTdhJTNGJTIyJTdEJTVEJTdEJTJDJTdCJTIydHlwZSUyMiUzQSUyMmxpc3RJdGVtJTIyJTJDJTIyb3JkZXJlZCUyMiUzQWZhbHNlJTJDJTIyY2hpbGRyZW4lMjIlM0ElNUIlN0IlMjJ0ZXh0JTIyJTNBJTIyJUUyJTlDJTk0JUVGJUI4JThGJTIwVCVDMyVBOWNuaWNvcyUyMGVzcGVjaWFsaXphZG9zJTIwZSUyMGNlcnRpZmljYWRvcyUyMiU3RCU1RCU3RCUyQyU3QiUyMnR5cGUlMjIlM0ElMjJsaXN0SXRlbSUyMiUyQyUyMm9yZGVyZWQlMjIlM0FmYWxzZSUyQyUyMmNoaWxkcmVuJTIyJTNBJTVCJTdCJTIydGV4dCUyMiUzQSUyMiVFMiU5QyU5NCVFRiVCOCU4RiUyME9yJUMzJUE3YW1lbnRvcyUyMHRyYW5zcGFyZW50ZXMlMjBlJTIwc2VtJTIwc3VycHJlc2FzJTIyJTdEJTVEJTdEJTJDJTdCJTIydHlwZSUyMiUzQSUyMmxpc3RJdGVtJTIyJTJDJTIyb3JkZXJlZCUyMiUzQWZhbHNlJTJDJTIyY2hpbGRyZW4lMjIlM0ElNUIlN0IlMjJ0ZXh0JTIyJTNBJTIyJUUyJTlDJTk0JUVGJUI4JThGJTIwQ29uZm9ybWlkYWRlJTIwdG90YWwlMjBjb20lMjBhcyUyMG5vcm1hcyUyMHQlQzMlQTljbmljYXMlMjBlJTIwZGUlMjBzZWd1cmFuJUMzJUE3YSUyMiU3RCU1RCU3RCUyQyU3QiUyMnR5cGUlMjIlM0ElMjJsaXN0SXRlbSUyMiUyQyUyMm9yZGVyZWQlMjIlM0FmYWxzZSUyQyUyMmNoaWxkcmVuJTIyJTNBJTVCJTdCJTIydGV4dCUyMiUzQSUyMiVFMiU5QyU5NCVFRiVCOCU4RiUyMEFjb21wYW5oYW1lbnRvJTIwdCVDMyVBOWNuaWNvJTIwZSUyMHAlQzMlQjNzLXZlbmRhJTIyJTdEJTVEJTdEJTJDJTdCJTIydHlwZSUyMiUzQSUyMnAlMjIlMkMlMjJjaGlsZHJlbiUyMiUzQSU1QiU3QiUyMnRleHQlMjIlM0ElMjJUcmFuc2Zvcm1lJTIwbyUyMHNldSUyMGVzcGElQzMlQTdvJTIwY29tJTIwYSUyMHF1YWxpZGFkZSUyMGUlMjBhJTIwYXJ0ZSUyMGRhJTIwY2FycGludGFyaWElMjBkYSUyMFZvbyUyMGRhJTIwR2FyJUMzJUE3YS4lMjBDb25maWUlMjBuYSUyMG5vc3NhJTIwZXhwZXJpJUMzJUFBbmNpYSUyMHBhcmElMjBwcm9qZXRvcyUyMHF1ZSUyMGFsaWFtJTIwYmVsZXphJTJDJTIwZnVuY2lvbmFsaWRhZGUlMjBlJTIwZHVyYWJpbGlkYWRlLiUyMiU3RCU1RCU3RCUyQyU3QiUyMnR5cGUlMjIlM0ElMjJwJTIyJTJDJTIyY2hpbGRyZW4lMjIlM0ElNUIlN0IlMjJ0ZXh0JTIyJTNBJTIyJUYwJTlGJTkzJTlFJTIwQ29udGFjdGUtbm9zJTIwaG9qZSUyMGUlMjBwZSVDMyVBN2ElMjBvJTIwc2V1JTIwb3IlQzMlQTdhbWVudG8lMjBncmF0dWl0by4lMjIlN0QlNUQlN0QlNUQ=\">\n<div class=\"mb-4 last:mb-0 whitespace-pre-wrap u-break-words text-[16px] color-[var(--theme-text-primary)] leading-[28px]\" data-slate-node=\"element\"><span data-slate-node=\"text\"><span class=\"\" data-slate-leaf=\"true\">\ud83d\udcde Contacte-nos hoje e pe\u00e7a o seu or\u00e7amento gratuito.<\/span><\/span><\/div>\n<\/div>\n<div data-slate-node=\"element\"><\/div>\n<div data-slate-node=\"element\"><\/div>\n<div data-slate-node=\"element\"><a class=\"btn  btn-default\" href=\"https:\/\/voodagarca.pt\/index.php\/portefolio\/\" target=\"_blank\">VER OBRAS<\/a> <a class=\"btn  btn-primary\" href=\"https:\/\/voodagarca.pt\/index.php\/contactos\/\" target=\"_blank\">CONTACTE-NOS<\/a><\/div>\n<\/div><\/div><\/div><div id=\"pgc-84-0-1\"  class=\"panel-grid-cell\" ><div id=\"panel-84-0-1-0\" class=\"so-panel widget widget_black-studio-tinymce widget_black_studio_tinymce panel-first-child panel-last-child\" data-index=\"1\" ><div class=\"textwidget\"><p>Afagamento e envernizamento de pavimento<br \/>\n<img fetchpriority=\"high\" decoding=\"async\" class=\"alignnone size-medium wp-image-3808 alignleft\" src=\"https:\/\/voodagarca.pt\/wp-content\/uploads\/2025\/06\/Carp01-300x225.jpg\" alt=\"\" width=\"300\" height=\"225\" srcset=\"https:\/\/voodagarca.pt\/wp-content\/uploads\/2025\/06\/Carp01-300x225.jpg 300w, https:\/\/voodagarca.pt\/wp-content\/uploads\/2025\/06\/Carp01-1024x768.jpg 1024w, https:\/\/voodagarca.pt\/wp-content\/uploads\/2025\/06\/Carp01-768x576.jpg 768w, https:\/\/voodagarca.pt\/wp-content\/uploads\/2025\/06\/Carp01-1536x1152.jpg 1536w, https:\/\/voodagarca.pt\/wp-content\/uploads\/2025\/06\/Carp01-2048x1536.jpg 2048w, https:\/\/voodagarca.pt\/wp-content\/uploads\/2025\/06\/Carp01-555x416.jpg 555w, https:\/\/voodagarca.pt\/wp-content\/uploads\/2025\/06\/Carp01-100x75.jpg 100w\" sizes=\"(max-width: 300px) 100vw, 300px\" \/><br \/>\nPavimento em madeira de Sucupira<br \/>\n<img decoding=\"async\" class=\"alignnone wp-image-3809 lazyload\" data-src=\"https:\/\/voodagarca.pt\/wp-content\/uploads\/2025\/06\/Carp02-225x300.jpg\" alt=\"\" width=\"300\" height=\"400\" data-srcset=\"https:\/\/voodagarca.pt\/wp-content\/uploads\/2025\/06\/Carp02-225x300.jpg 225w, https:\/\/voodagarca.pt\/wp-content\/uploads\/2025\/06\/Carp02-768x1024.jpg 768w, https:\/\/voodagarca.pt\/wp-content\/uploads\/2025\/06\/Carp02-1152x1536.jpg 1152w, https:\/\/voodagarca.pt\/wp-content\/uploads\/2025\/06\/Carp02-1536x2048.jpg 1536w, https:\/\/voodagarca.pt\/wp-content\/uploads\/2025\/06\/Carp02-416x555.jpg 416w, https:\/\/voodagarca.pt\/wp-content\/uploads\/2025\/06\/Carp02-scaled.jpg 1920w\" data-sizes=\"(max-width: 300px) 100vw, 300px\" src=\"data:image\/svg+xml;base64,PHN2ZyB3aWR0aD0iMSIgaGVpZ2h0PSIxIiB4bWxucz0iaHR0cDovL3d3dy53My5vcmcvMjAwMC9zdmciPjwvc3ZnPg==\" style=\"--smush-placeholder-width: 300px; --smush-placeholder-aspect-ratio: 300\/400;\" \/><br \/>\nCozinha em termolaminado branco e preto<br \/>\n<img decoding=\"async\" class=\"alignnone wp-image-3810 lazyload\" data-src=\"https:\/\/voodagarca.pt\/wp-content\/uploads\/2025\/06\/Carp03-199x300.jpg\" alt=\"\" width=\"300\" height=\"452\" data-srcset=\"https:\/\/voodagarca.pt\/wp-content\/uploads\/2025\/06\/Carp03-199x300.jpg 199w, https:\/\/voodagarca.pt\/wp-content\/uploads\/2025\/06\/Carp03-681x1024.jpg 681w, https:\/\/voodagarca.pt\/wp-content\/uploads\/2025\/06\/Carp03-768x1155.jpg 768w, https:\/\/voodagarca.pt\/wp-content\/uploads\/2025\/06\/Carp03-1021x1536.jpg 1021w, https:\/\/voodagarca.pt\/wp-content\/uploads\/2025\/06\/Carp03-1362x2048.jpg 1362w, https:\/\/voodagarca.pt\/wp-content\/uploads\/2025\/06\/Carp03-369x555.jpg 369w, https:\/\/voodagarca.pt\/wp-content\/uploads\/2025\/06\/Carp03-scaled.jpg 1702w\" data-sizes=\"(max-width: 300px) 100vw, 300px\" src=\"data:image\/svg+xml;base64,PHN2ZyB3aWR0aD0iMSIgaGVpZ2h0PSIxIiB4bWxucz0iaHR0cDovL3d3dy53My5vcmcvMjAwMC9zdmciPjwvc3ZnPg==\" style=\"--smush-placeholder-width: 300px; --smush-placeholder-aspect-ratio: 300\/452;\" \/><br \/>\nM\u00f3vel de casa de banho em termolaminado preto<br \/>\n<img decoding=\"async\" class=\"alignnone size-medium wp-image-3811 lazyload\" data-src=\"https:\/\/voodagarca.pt\/wp-content\/uploads\/2025\/06\/Carp04-300x201.jpg\" alt=\"\" width=\"300\" height=\"201\" data-srcset=\"https:\/\/voodagarca.pt\/wp-content\/uploads\/2025\/06\/Carp04-300x201.jpg 300w, https:\/\/voodagarca.pt\/wp-content\/uploads\/2025\/06\/Carp04-1024x685.jpg 1024w, https:\/\/voodagarca.pt\/wp-content\/uploads\/2025\/06\/Carp04-768x514.jpg 768w, https:\/\/voodagarca.pt\/wp-content\/uploads\/2025\/06\/Carp04-1536x1028.jpg 1536w, https:\/\/voodagarca.pt\/wp-content\/uploads\/2025\/06\/Carp04-2048x1371.jpg 2048w, https:\/\/voodagarca.pt\/wp-content\/uploads\/2025\/06\/Carp04-555x372.jpg 555w, https:\/\/voodagarca.pt\/wp-content\/uploads\/2025\/06\/Carp04-272x182.jpg 272w\" data-sizes=\"(max-width: 300px) 100vw, 300px\" src=\"data:image\/svg+xml;base64,PHN2ZyB3aWR0aD0iMSIgaGVpZ2h0PSIxIiB4bWxucz0iaHR0cDovL3d3dy53My5vcmcvMjAwMC9zdmciPjwvc3ZnPg==\" style=\"--smush-placeholder-width: 300px; --smush-placeholder-aspect-ratio: 300\/201;\" \/><br \/>\nPavimento flutuante em Wengu\u00e9 e m\u00f3vel lacado<br \/>\nbranco feito por medida. Portas lacadas.<br \/>\n<img decoding=\"async\" class=\"alignnone size-medium wp-image-3812 lazyload\" data-src=\"https:\/\/voodagarca.pt\/wp-content\/uploads\/2025\/06\/Carp05-300x201.jpg\" alt=\"\" width=\"300\" height=\"201\" data-srcset=\"https:\/\/voodagarca.pt\/wp-content\/uploads\/2025\/06\/Carp05-300x201.jpg 300w, https:\/\/voodagarca.pt\/wp-content\/uploads\/2025\/06\/Carp05-1024x685.jpg 1024w, https:\/\/voodagarca.pt\/wp-content\/uploads\/2025\/06\/Carp05-768x514.jpg 768w, https:\/\/voodagarca.pt\/wp-content\/uploads\/2025\/06\/Carp05-1536x1028.jpg 1536w, https:\/\/voodagarca.pt\/wp-content\/uploads\/2025\/06\/Carp05-2048x1371.jpg 2048w, https:\/\/voodagarca.pt\/wp-content\/uploads\/2025\/06\/Carp05-555x372.jpg 555w, https:\/\/voodagarca.pt\/wp-content\/uploads\/2025\/06\/Carp05-272x182.jpg 272w\" data-sizes=\"(max-width: 300px) 100vw, 300px\" src=\"data:image\/svg+xml;base64,PHN2ZyB3aWR0aD0iMSIgaGVpZ2h0PSIxIiB4bWxucz0iaHR0cDovL3d3dy53My5vcmcvMjAwMC9zdmciPjwvc3ZnPg==\" style=\"--smush-placeholder-width: 300px; --smush-placeholder-aspect-ratio: 300\/201;\" \/><\/p>\n<\/div><\/div><\/div><\/div><\/div>","protected":false},"excerpt":{"rendered":"<p>Carpintaria para projetos residenciais e comerciais (cozinhas, roupeiros, portas, rodap\u00e9s&#8230;<\/p>\n","protected":false},"author":1,"featured_media":3147,"parent":49,"menu_order":0,"comment_status":"closed","ping_status":"open","template":"","meta":{"_acf_changed":false,"_monsterinsights_skip_tracking":false,"_monsterinsights_sitenote_active":false,"_monsterinsights_sitenote_note":"","_monsterinsights_sitenote_category":0,"footnotes":""},"class_list":["post-84","page","type-page","status-publish","has-post-thumbnail","hentry"],"acf":[],"aioseo_notices":[],"_links":{"self":[{"href":"https:\/\/voodagarca.pt\/index.php\/wp-json\/wp\/v2\/pages\/84","targetHints":{"allow":["GET"]}}],"collection":[{"href":"https:\/\/voodagarca.pt\/index.php\/wp-json\/wp\/v2\/pages"}],"about":[{"href":"https:\/\/voodagarca.pt\/index.php\/wp-json\/wp\/v2\/types\/page"}],"author":[{"embeddable":true,"href":"https:\/\/voodagarca.pt\/index.php\/wp-json\/wp\/v2\/users\/1"}],"replies":[{"embeddable":true,"href":"https:\/\/voodagarca.pt\/index.php\/wp-json\/wp\/v2\/comments?post=84"}],"version-history":[{"count":0,"href":"https:\/\/voodagarca.pt\/index.php\/wp-json\/wp\/v2\/pages\/84\/revisions"}],"up":[{"embeddable":true,"href":"https:\/\/voodagarca.pt\/index.php\/wp-json\/wp\/v2\/pages\/49"}],"wp:featuredmedia":[{"embeddable":true,"href":"https:\/\/voodagarca.pt\/index.php\/wp-json\/wp\/v2\/media\/3147"}],"wp:attachment":[{"href":"https:\/\/voodagarca.pt\/index.php\/wp-json\/wp\/v2\/media?parent=84"}],"curies":[{"name":"wp","href":"https:\/\/api.w.org\/{rel}","templated":true}]}}