{"id":71,"date":"2014-10-23T09:16:12","date_gmt":"2014-10-23T09:16:12","guid":{"rendered":"https:\/\/xml-io.proteusthemes.com\/buildpress\/?page_id=71"},"modified":"2025-06-18T18:53:08","modified_gmt":"2025-06-18T18:53:08","slug":"ar-condicionado-avac","status":"publish","type":"page","link":"https:\/\/voodagarca.pt\/index.php\/servicos\/ar-condicionado-avac\/","title":{"rendered":"Ar Condicionado &#8211; AVAC"},"content":{"rendered":"<div id=\"pl-71\"  class=\"panel-layout\" ><div id=\"pg-71-0\"  class=\"panel-grid panel-no-style\" ><div id=\"pgc-71-0-0\"  class=\"panel-grid-cell\" ><div id=\"panel-71-0-0-0\" class=\"so-panel widget widget_black-studio-tinymce widget_black_studio_tinymce panel-first-child panel-last-child\" data-index=\"0\" ><h3 class=\"widget-title\">Sistemas de Ar Condicionado &#8211; AVAC<\/h3><div class=\"textwidget\"><div class=\"mb-[16px]\">\n<p class=\"font-[500] text-[1.8em] mb-[26px] font-serif mt-0\" data-slate-node=\"element\" data-anchor=\"arcondicionadoavacvoodagar%C3%A7aconstru%C3%A7%C3%A3oeremodela%C3%A7%C3%A3o\"><span style=\"font-size: 14px;\" data-slate-node=\"text\"><span class=\"\" data-slate-leaf=\"true\">Na <strong>Voo da Gar\u00e7a<\/strong>, somos especialistas na conce\u00e7\u00e3o, instala\u00e7\u00e3o e manuten\u00e7\u00e3o de sistemas de <\/span><\/span><span style=\"font-size: 14px;\" data-slate-node=\"text\"><span class=\"font-bold\" data-slate-leaf=\"true\">Ar Condicionado e AVAC (Aquecimento, Ventila\u00e7\u00e3o e Ar Condicionado)<\/span><\/span><span style=\"font-size: 14px;\" data-slate-node=\"text\"><span class=\"\" data-slate-leaf=\"true\">, oferecendo solu\u00e7\u00f5es completas e personalizadas para garantir o conforto t\u00e9rmico e a qualidade do ar em ambientes residenciais e comerciais. A nossa prioridade \u00e9 proporcionar sistemas eficientes, sustent\u00e1veis e adaptados \u00e0s necessidades espec\u00edficas de cada cliente.<\/span><\/span><\/p>\n<\/div>\n<div class=\"mb-[16px]\">\n<p class=\"mb-4 last:mb-0 whitespace-pre-wrap u-break-words text-[16px] color-[var(--theme-text-primary)] leading-[28px]\" data-slate-node=\"element\"><span data-slate-node=\"text\"><span class=\"\" data-slate-leaf=\"true\">Contamos com <\/span><\/span><span data-slate-node=\"text\"><span class=\"font-bold\" data-slate-leaf=\"true\">equipas t\u00e9cnicas altamente qualificadas<\/span><\/span><span data-slate-node=\"text\"><span class=\"\" data-slate-leaf=\"true\"> e utilizamos <\/span><\/span><span data-slate-node=\"text\"><span class=\"font-bold\" data-slate-leaf=\"true\">equipamentos de \u00faltima gera\u00e7\u00e3o<\/span><\/span><span data-slate-node=\"text\"><span class=\"\" data-slate-leaf=\"true\"> para a execu\u00e7\u00e3o de todas as fases do projeto, desde a an\u00e1lise das necessidades e dimensionamento at\u00e9 \u00e0 instala\u00e7\u00e3o e manuten\u00e7\u00e3o. Comprometemo-nos com a excel\u00eancia em cada detalhe, assegurando o m\u00e1ximo desempenho e durabilidade dos sistemas.<\/span><\/span><\/p>\n<\/div>\n<div class=\"mb-[16px]\">\n<h3 class=\"font-[500] text-[1.25em] mt-[24px] mb-[16px]\" data-slate-node=\"element\" data-anchor=\"servi%C3%A7osdearcondicionadoeavac%3A\"><span data-slate-node=\"text\"><span class=\"\" data-slate-leaf=\"true\">Servi\u00e7os de Ar Condicionado e AVAC:<\/span><\/span><\/h3>\n<\/div>\n<div class=\"mb-[16px]\">\n<div class=\"flex flex-row text-[var(--text-primary)] ml-[8px] my-[8px] leading-[28px]\" data-slate-node=\"element\"><span class=\"flex-1 font-normal text-[16px] text-[var(--text-primary)]\"><span data-slate-node=\"text\"><span class=\"\" data-slate-leaf=\"true\">\u2022\u2744\ufe0f Instala\u00e7\u00e3o de sistemas de ar condicionado (split, multi-split, VRV\/VRF...)<\/span><\/span><\/span><\/div>\n<\/div>\n<div class=\"mb-[16px]\">\n<div class=\"flex flex-row text-[var(--text-primary)] ml-[8px] my-[8px] leading-[28px]\" data-slate-node=\"element\"><span class=\"flex-1 font-normal text-[16px] text-[var(--text-primary)]\"><span data-slate-node=\"text\"><span class=\"\" data-slate-leaf=\"true\">\u2022\ud83d\udd25 Instala\u00e7\u00e3o de sistemas de aquecimento (piso radiante, radiadores, caldeiras)<\/span><\/span><\/span><\/div>\n<\/div>\n<div class=\"mb-[16px]\">\n<div class=\"flex flex-row text-[var(--text-primary)] ml-[8px] my-[8px] leading-[28px]\" data-slate-node=\"element\"><span class=\"flex-1 font-normal text-[16px] text-[var(--text-primary)]\"><span data-slate-node=\"text\"><span class=\"\" data-slate-leaf=\"true\">\u2022\ud83c\udf2c\ufe0f Sistemas de ventila\u00e7\u00e3o e renova\u00e7\u00e3o de ar<\/span><\/span><\/span><\/div>\n<\/div>\n<div class=\"mb-[16px]\">\n<div class=\"flex flex-row text-[var(--text-primary)] ml-[8px] my-[8px] leading-[28px]\" data-slate-node=\"element\"><span class=\"flex-1 font-normal text-[16px] text-[var(--text-primary)]\"><span data-slate-node=\"text\"><span class=\"\" data-slate-leaf=\"true\">\u2022\ud83d\udca8 Recuperadores de calor e desumidificadores<\/span><\/span><\/span><\/div>\n<\/div>\n<div class=\"mb-[16px]\">\n<div class=\"flex flex-row text-[var(--text-primary)] ml-[8px] my-[8px] leading-[28px]\" data-slate-node=\"element\"><span class=\"flex-1 font-normal text-[16px] text-[var(--text-primary)]\"><span data-slate-node=\"text\"><span class=\"\" data-slate-leaf=\"true\">\u2022\ud83c\udfe0 Solu\u00e7\u00f5es de climatiza\u00e7\u00e3o para casas, escrit\u00f3rios e espa\u00e7os comerciais<\/span><\/span><\/span><\/div>\n<\/div>\n<div class=\"mb-[16px]\">\n<div class=\"flex flex-row text-[var(--text-primary)] ml-[8px] my-[8px] leading-[28px]\" data-slate-node=\"element\"><span class=\"flex-1 font-normal text-[16px] text-[var(--text-primary)]\"><span data-slate-node=\"text\"><span class=\"\" data-slate-leaf=\"true\">\u2022\ud83d\udee0\ufe0f Manuten\u00e7\u00e3o preventiva e corretiva de sistemas AVAC<\/span><\/span><\/span><\/div>\n<\/div>\n<div class=\"mb-[16px]\">\n<h3 class=\"font-[500] text-[1.25em] mt-[24px] mb-[16px]\" data-slate-node=\"element\" data-anchor=\"efici%C3%AAnciaenerg%C3%A9ticaequalidadedoar\"><span data-slate-node=\"text\"><span class=\"\" data-slate-leaf=\"true\">Efici\u00eancia Energ\u00e9tica e Qualidade do Ar<\/span><\/span><\/h3>\n<\/div>\n<div class=\"mb-[16px]\">\n<div class=\"mb-4 last:mb-0 whitespace-pre-wrap u-break-words text-[16px] color-[var(--theme-text-primary)] leading-[28px]\" data-slate-node=\"element\">\n<p><span data-slate-node=\"text\"><span class=\"\" data-slate-leaf=\"true\">Oferecemos solu\u00e7\u00f5es inovadoras que visam a <\/span><\/span><span data-slate-node=\"text\"><span class=\"font-bold\" data-slate-leaf=\"true\">efici\u00eancia energ\u00e9tica<\/span><\/span><span data-slate-node=\"text\"><span class=\"\" data-slate-leaf=\"true\"> e a <\/span><\/span><span data-slate-node=\"text\"><span class=\"font-bold\" data-slate-leaf=\"true\">qualidade do ar interior<\/span><\/span><span data-slate-node=\"text\"><span class=\"\" data-slate-leaf=\"true\">, contribuindo para um ambiente mais saud\u00e1vel e para a redu\u00e7\u00e3o dos custos operacionais. Implementamos tecnologias avan\u00e7adas e pr\u00e1ticas sustent\u00e1veis em todos os nossos projetos.<\/span><\/span><\/p>\n<p>&nbsp;<\/p><\/div>\n<\/div>\n<div class=\"mb-[16px]\">\n<div class=\"flex flex-row text-[var(--text-primary)] ml-[8px] my-[8px] leading-[28px]\" data-slate-node=\"element\"><span class=\"flex-1 font-normal text-[16px] text-[var(--text-primary)]\"><span data-slate-node=\"text\"><span class=\"\" data-slate-leaf=\"true\">\u2022\u26a1 Otimiza\u00e7\u00e3o do consumo energ\u00e9tico<\/span><\/span><\/span><\/div>\n<\/div>\n<div class=\"mb-[16px]\">\n<div class=\"flex flex-row text-[var(--text-primary)] ml-[8px] my-[8px] leading-[28px]\" data-slate-node=\"element\"><span class=\"flex-1 font-normal text-[16px] text-[var(--text-primary)]\"><span data-slate-node=\"text\"><span class=\"\" data-slate-leaf=\"true\">\u2022\ud83c\udf43 Sistemas de filtragem e purifica\u00e7\u00e3o do ar<\/span><\/span><\/span><\/div>\n<\/div>\n<div class=\"mb-[16px]\">\n<div class=\"flex flex-row text-[var(--text-primary)] ml-[8px] my-[8px] leading-[28px]\" data-slate-node=\"element\"><span class=\"flex-1 font-normal text-[16px] text-[var(--text-primary)]\"><span data-slate-node=\"text\"><span class=\"\" data-slate-leaf=\"true\">\u2022\ud83d\udcca Monitoriza\u00e7\u00e3o e controlo inteligente de temperatura e humidade<\/span><\/span><\/span><\/div>\n<\/div>\n<div class=\"mb-[16px]\">\n<div class=\"flex flex-row text-[var(--text-primary)] ml-[8px] my-[8px] leading-[28px]\" data-slate-node=\"element\"><span class=\"flex-1 font-normal text-[16px] text-[var(--text-primary)]\"><span data-slate-node=\"text\"><span class=\"\" data-slate-leaf=\"true\">\u2022\ud83c\udf0d Solu\u00e7\u00f5es amigas do ambiente e em conformidade com as normas<\/span><\/span><\/span><\/div>\n<\/div>\n<div class=\"mb-[16px]\">\n<h3 class=\"font-[500] text-[1.5em] mt-[36px] mb-[0.8em]\" data-slate-node=\"element\" data-anchor=\"porqu%C3%AAescolheravoodagar%C3%A7a%3F\"><span data-slate-node=\"text\"><span class=\"\" data-slate-leaf=\"true\">Porqu\u00ea escolher a Voo da Gar\u00e7a?<\/span><\/span><\/h3>\n<\/div>\n<div class=\"mb-[16px]\">\n<div class=\"flex flex-row text-[var(--text-primary)] ml-[8px] my-[8px] leading-[28px]\" data-slate-node=\"element\"><span class=\"flex-1 font-normal text-[16px] text-[var(--text-primary)]\"><span data-slate-node=\"text\"><span class=\"\" data-slate-leaf=\"true\">\u2714\ufe0f T\u00e9cnicos especializados e certificados<\/span><\/span><\/span><\/div>\n<\/div>\n<div class=\"mb-[16px]\">\n<div class=\"flex flex-row text-[var(--text-primary)] ml-[8px] my-[8px] leading-[28px]\" data-slate-node=\"element\"><span class=\"flex-1 font-normal text-[16px] text-[var(--text-primary)]\"><span data-slate-node=\"text\"><span class=\"\" data-slate-leaf=\"true\">\u2714\ufe0f Or\u00e7amentos transparentes e sem surpresas<\/span><\/span><\/span><\/div>\n<\/div>\n<div class=\"mb-[16px]\">\n<div class=\"flex flex-row text-[var(--text-primary)] ml-[8px] my-[8px] leading-[28px]\" data-slate-node=\"element\"><span class=\"flex-1 font-normal text-[16px] text-[var(--text-primary)]\"><span data-slate-node=\"text\"><span class=\"\" data-slate-leaf=\"true\">\u2714\ufe0f Conformidade total com as normas t\u00e9cnicas e ambientais<\/span><\/span><\/span><\/div>\n<\/div>\n<div class=\"mb-[16px]\">\n<div class=\"flex flex-row text-[var(--text-primary)] ml-[8px] my-[8px] leading-[28px]\" data-slate-node=\"element\">\n<p><span class=\"flex-1 font-normal text-[16px] text-[var(--text-primary)]\"><span data-slate-node=\"text\"><span class=\"\" data-slate-leaf=\"true\">\u2714\ufe0f Acompanhamento t\u00e9cnico e p\u00f3s-venda<\/span><\/span><\/span><\/p>\n<p>&nbsp;<\/p><\/div>\n<\/div>\n<div class=\"mb-[16px]\">\n<div class=\"mb-4 last:mb-0 whitespace-pre-wrap u-break-words text-[16px] color-[var(--theme-text-primary)] leading-[28px]\" data-slate-node=\"element\">\n<p><span data-slate-node=\"text\"><span class=\"\" data-slate-leaf=\"true\">Garanta o conforto e a efici\u00eancia energ\u00e9tica do seu espa\u00e7o com as solu\u00e7\u00f5es de <\/span><\/span><span data-slate-node=\"text\"><span class=\"font-bold\" data-slate-leaf=\"true\">Ar Condicionado e AVAC<\/span><\/span><span data-slate-node=\"text\"><span class=\"\" data-slate-leaf=\"true\"> da Voo da Gar\u00e7a. Confie na nossa experi\u00eancia para um servi\u00e7o de qualidade superior.<\/span><\/span><\/p>\n<p>&nbsp;<\/p><\/div>\n<\/div>\n<div class=\"mb-[16px]\" data-slate-fragment=\"JTVCJTdCJTIydHlwZSUyMiUzQSUyMmhlYWRpbmclMjIlMkMlMjJsZXZlbCUyMiUzQTElMkMlMjJjaGlsZHJlbiUyMiUzQSU1QiU3QiUyMnRleHQlMjIlM0ElMjJBciUyMENvbmRpY2lvbmFkbyUyMC0lMjBBVkFDJTIwLSUyMFZPTyUyMERBJTIwR0FSJUMzJTg3QSUyMC0lMjBDb25zdHJ1JUMzJUE3JUMzJUEzbyUyMGUlMjBSZW1vZGVsYSVDMyVBNyVDMyVBM28lMjIlN0QlNUQlN0QlMkMlN0IlMjJ0eXBlJTIyJTNBJTIyaGVhZGluZyUyMiUyQyUyMmxldmVsJTIyJTNBMiUyQyUyMmNoaWxkcmVuJTIyJTNBJTVCJTdCJTIydGV4dCUyMiUzQSUyMkFyJTIwQ29uZGljaW9uYWRvJTIwLSUyMEFWQUMlMjIlN0QlNUQlN0QlMkMlN0IlMjJ0eXBlJTIyJTNBJTIycCUyMiUyQyUyMmNoaWxkcmVuJTIyJTNBJTVCJTdCJTIydGV4dCUyMiUzQSUyMk5hJTIwVm9vJTIwZGElMjBHYXIlQzMlQTdhJTJDJTIwc29tb3MlMjBlc3BlY2lhbGlzdGFzJTIwbmElMjBjb25jZSVDMyVBNyVDMyVBM28lMkMlMjBpbnN0YWxhJUMzJUE3JUMzJUEzbyUyMGUlMjBtYW51dGVuJUMzJUE3JUMzJUEzbyUyMGRlJTIwc2lzdGVtYXMlMjBkZSUyMCUyMiU3RCUyQyU3QiUyMnRleHQlMjIlM0ElMjJBciUyMENvbmRpY2lvbmFkbyUyMGUlMjBBVkFDJTIwKEFxdWVjaW1lbnRvJTJDJTIwVmVudGlsYSVDMyVBNyVDMyVBM28lMjBlJTIwQXIlMjBDb25kaWNpb25hZG8pJTIyJTJDJTIyYm9sZCUyMiUzQXRydWUlN0QlMkMlN0IlMjJ0ZXh0JTIyJTNBJTIyJTJDJTIwb2ZlcmVjZW5kbyUyMHNvbHUlQzMlQTclQzMlQjVlcyUyMGNvbXBsZXRhcyUyMGUlMjBwZXJzb25hbGl6YWRhcyUyMHBhcmElMjBnYXJhbnRpciUyMG8lMjBjb25mb3J0byUyMHQlQzMlQTlybWljbyUyMGUlMjBhJTIwcXVhbGlkYWRlJTIwZG8lMjBhciUyMGVtJTIwYW1iaWVudGVzJTIwcmVzaWRlbmNpYWlzJTJDJTIwY29tZXJjaWFpcyUyMGUlMjBpbmR1c3RyaWFpcy4lMjBBJTIwbm9zc2ElMjBwcmlvcmlkYWRlJTIwJUMzJUE5JTIwcHJvcG9yY2lvbmFyJTIwc2lzdGVtYXMlMjBlZmljaWVudGVzJTJDJTIwc3VzdGVudCVDMyVBMXZlaXMlMjBlJTIwYWRhcHRhZG9zJTIwJUMzJUEwcyUyMG5lY2Vzc2lkYWRlcyUyMGVzcGVjJUMzJUFEZmljYXMlMjBkZSUyMGNhZGElMjBjbGllbnRlLiUyMiU3RCU1RCU3RCUyQyU3QiUyMnR5cGUlMjIlM0ElMjJwJTIyJTJDJTIyY2hpbGRyZW4lMjIlM0ElNUIlN0IlMjJ0ZXh0JTIyJTNBJTIyQ29udGFtb3MlMjBjb20lMjAlMjIlN0QlMkMlN0IlMjJ0ZXh0JTIyJTNBJTIyZXF1aXBhcyUyMHQlQzMlQTljbmljYXMlMjBhbHRhbWVudGUlMjBxdWFsaWZpY2FkYXMlMjIlMkMlMjJib2xkJTIyJTNBdHJ1ZSU3RCUyQyU3QiUyMnRleHQlMjIlM0ElMjIlMjBlJTIwdXRpbGl6YW1vcyUyMCUyMiU3RCUyQyU3QiUyMnRleHQlMjIlM0ElMjJlcXVpcGFtZW50b3MlMjBkZSUyMCVDMyVCQWx0aW1hJTIwZ2VyYSVDMyVBNyVDMyVBM28lMjIlMkMlMjJib2xkJTIyJTNBdHJ1ZSU3RCUyQyU3QiUyMnRleHQlMjIlM0ElMjIlMjBwYXJhJTIwYSUyMGV4ZWN1JUMzJUE3JUMzJUEzbyUyMGRlJTIwdG9kYXMlMjBhcyUyMGZhc2VzJTIwZG8lMjBwcm9qZXRvJTJDJTIwZGVzZGUlMjBhJTIwYW4lQzMlQTFsaXNlJTIwZGFzJTIwbmVjZXNzaWRhZGVzJTIwZSUyMGRpbWVuc2lvbmFtZW50byUyMGF0JUMzJUE5JTIwJUMzJUEwJTIwaW5zdGFsYSVDMyVBNyVDMyVBM28lMkMlMjBjb21pc3Npb25hbWVudG8lMjBlJTIwbWFudXRlbiVDMyVBNyVDMyVBM28uJTIwQ29tcHJvbWV0ZW1vLW5vcyUyMGNvbSUyMGElMjBleGNlbCVDMyVBQW5jaWElMjBlbSUyMGNhZGElMjBkZXRhbGhlJTJDJTIwYXNzZWd1cmFuZG8lMjBvJTIwbSVDMyVBMXhpbW8lMjBkZXNlbXBlbmhvJTIwZSUyMGR1cmFiaWxpZGFkZSUyMGRvcyUyMHNpc3RlbWFzLiUyMiU3RCU1RCU3RCUyQyU3QiUyMnR5cGUlMjIlM0ElMjJoZWFkaW5nJTIyJTJDJTIybGV2ZWwlMjIlM0EzJTJDJTIyY2hpbGRyZW4lMjIlM0ElNUIlN0IlMjJ0ZXh0JTIyJTNBJTIyU2VydmklQzMlQTdvcyUyMGRlJTIwQXIlMjBDb25kaWNpb25hZG8lMjBlJTIwQVZBQyUzQSUyMiU3RCU1RCU3RCUyQyU3QiUyMnR5cGUlMjIlM0ElMjJsaXN0SXRlbSUyMiUyQyUyMm9yZGVyZWQlMjIlM0FmYWxzZSUyQyUyMmNoaWxkcmVuJTIyJTNBJTVCJTdCJTIydGV4dCUyMiUzQSUyMiVFMiU5RCU4NCVFRiVCOCU4RiUyMEluc3RhbGElQzMlQTclQzMlQTNvJTIwZGUlMjBzaXN0ZW1hcyUyMGRlJTIwYXIlMjBjb25kaWNpb25hZG8lMjAoc3BsaXQlMkMlMjBtdWx0aS1zcGxpdCUyQyUyMFZSViUyRlZSRiklMjIlN0QlNUQlN0QlMkMlN0IlMjJ0eXBlJTIyJTNBJTIybGlzdEl0ZW0lMjIlMkMlMjJvcmRlcmVkJTIyJTNBZmFsc2UlMkMlMjJjaGlsZHJlbiUyMiUzQSU1QiU3QiUyMnRleHQlMjIlM0ElMjIlRjAlOUYlOTQlQTUlMjBJbnN0YWxhJUMzJUE3JUMzJUEzbyUyMGRlJTIwc2lzdGVtYXMlMjBkZSUyMGFxdWVjaW1lbnRvJTIwKHBpc28lMjByYWRpYW50ZSUyQyUyMHJhZGlhZG9yZXMlMkMlMjBjYWxkZWlyYXMpJTIyJTdEJTVEJTdEJTJDJTdCJTIydHlwZSUyMiUzQSUyMmxpc3RJdGVtJTIyJTJDJTIyb3JkZXJlZCUyMiUzQWZhbHNlJTJDJTIyY2hpbGRyZW4lMjIlM0ElNUIlN0IlMjJ0ZXh0JTIyJTNBJTIyJUYwJTlGJThDJUFDJUVGJUI4JThGJTIwU2lzdGVtYXMlMjBkZSUyMHZlbnRpbGElQzMlQTclQzMlQTNvJTIwZSUyMHJlbm92YSVDMyVBNyVDMyVBM28lMjBkZSUyMGFyJTIyJTdEJTVEJTdEJTJDJTdCJTIydHlwZSUyMiUzQSUyMmxpc3RJdGVtJTIyJTJDJTIyb3JkZXJlZCUyMiUzQWZhbHNlJTJDJTIyY2hpbGRyZW4lMjIlM0ElNUIlN0IlMjJ0ZXh0JTIyJTNBJTIyJUYwJTlGJTkyJUE4JTIwUmVjdXBlcmFkb3JlcyUyMGRlJTIwY2Fsb3IlMjBlJTIwZGVzdW1pZGlmaWNhZG9yZXMlMjIlN0QlNUQlN0QlMkMlN0IlMjJ0eXBlJTIyJTNBJTIybGlzdEl0ZW0lMjIlMkMlMjJvcmRlcmVkJTIyJTNBZmFsc2UlMkMlMjJjaGlsZHJlbiUyMiUzQSU1QiU3QiUyMnRleHQlMjIlM0ElMjIlRjAlOUYlOEYlQTAlMjBTb2x1JUMzJUE3JUMzJUI1ZXMlMjBkZSUyMGNsaW1hdGl6YSVDMyVBNyVDMyVBM28lMjBwYXJhJTIwY2FzYXMlMkMlMjBlc2NyaXQlQzMlQjNyaW9zJTIwZSUyMGVzcGElQzMlQTdvcyUyMGNvbWVyY2lhaXMlMjIlN0QlNUQlN0QlMkMlN0IlMjJ0eXBlJTIyJTNBJTIybGlzdEl0ZW0lMjIlMkMlMjJvcmRlcmVkJTIyJTNBZmFsc2UlMkMlMjJjaGlsZHJlbiUyMiUzQSU1QiU3QiUyMnRleHQlMjIlM0ElMjIlRjAlOUYlOUIlQTAlRUYlQjglOEYlMjBNYW51dGVuJUMzJUE3JUMzJUEzbyUyMHByZXZlbnRpdmElMjBlJTIwY29ycmV0aXZhJTIwZGUlMjBzaXN0ZW1hcyUyMEFWQUMlMjIlN0QlNUQlN0QlMkMlN0IlMjJ0eXBlJTIyJTNBJTIyaGVhZGluZyUyMiUyQyUyMmxldmVsJTIyJTNBMyUyQyUyMmNoaWxkcmVuJTIyJTNBJTVCJTdCJTIydGV4dCUyMiUzQSUyMkVmaWNpJUMzJUFBbmNpYSUyMEVuZXJnJUMzJUE5dGljYSUyMGUlMjBRdWFsaWRhZGUlMjBkbyUyMEFyJTIyJTdEJTVEJTdEJTJDJTdCJTIydHlwZSUyMiUzQSUyMnAlMjIlMkMlMjJjaGlsZHJlbiUyMiUzQSU1QiU3QiUyMnRleHQlMjIlM0ElMjJPZmVyZWNlbW9zJTIwc29sdSVDMyVBNyVDMyVCNWVzJTIwaW5vdmFkb3JhcyUyMHF1ZSUyMHZpc2FtJTIwYSUyMCUyMiU3RCUyQyU3QiUyMnRleHQlMjIlM0ElMjJlZmljaSVDMyVBQW5jaWElMjBlbmVyZyVDMyVBOXRpY2ElMjIlMkMlMjJib2xkJTIyJTNBdHJ1ZSU3RCUyQyU3QiUyMnRleHQlMjIlM0ElMjIlMjBlJTIwYSUyMCUyMiU3RCUyQyU3QiUyMnRleHQlMjIlM0ElMjJxdWFsaWRhZGUlMjBkbyUyMGFyJTIwaW50ZXJpb3IlMjIlMkMlMjJib2xkJTIyJTNBdHJ1ZSU3RCUyQyU3QiUyMnRleHQlMjIlM0ElMjIlMkMlMjBjb250cmlidWluZG8lMjBwYXJhJTIwdW0lMjBhbWJpZW50ZSUyMG1haXMlMjBzYXVkJUMzJUExdmVsJTIwZSUyMHBhcmElMjBhJTIwcmVkdSVDMyVBNyVDMyVBM28lMjBkb3MlMjBjdXN0b3MlMjBvcGVyYWNpb25haXMuJTIwSW1wbGVtZW50YW1vcyUyMHRlY25vbG9naWFzJTIwYXZhbiVDMyVBN2FkYXMlMjBlJTIwcHIlQzMlQTF0aWNhcyUyMHN1c3RlbnQlQzMlQTF2ZWlzJTIwZW0lMjB0b2RvcyUyMG9zJTIwbm9zc29zJTIwcHJvamV0b3MuJTIyJTdEJTVEJTdEJTJDJTdCJTIydHlwZSUyMiUzQSUyMmxpc3RJdGVtJTIyJTJDJTIyb3JkZXJlZCUyMiUzQWZhbHNlJTJDJTIyY2hpbGRyZW4lMjIlM0ElNUIlN0IlMjJ0ZXh0JTIyJTNBJTIyJUUyJTlBJUExJTIwT3RpbWl6YSVDMyVBNyVDMyVBM28lMjBkbyUyMGNvbnN1bW8lMjBlbmVyZyVDMyVBOXRpY28lMjIlN0QlNUQlN0QlMkMlN0IlMjJ0eXBlJTIyJTNBJTIybGlzdEl0ZW0lMjIlMkMlMjJvcmRlcmVkJTIyJTNBZmFsc2UlMkMlMjJjaGlsZHJlbiUyMiUzQSU1QiU3QiUyMnRleHQlMjIlM0ElMjIlRjAlOUYlOEQlODMlMjBTaXN0ZW1hcyUyMGRlJTIwZmlsdHJhZ2VtJTIwZSUyMHB1cmlmaWNhJUMzJUE3JUMzJUEzbyUyMGRvJTIwYXIlMjIlN0QlNUQlN0QlMkMlN0IlMjJ0eXBlJTIyJTNBJTIybGlzdEl0ZW0lMjIlMkMlMjJvcmRlcmVkJTIyJTNBZmFsc2UlMkMlMjJjaGlsZHJlbiUyMiUzQSU1QiU3QiUyMnRleHQlMjIlM0ElMjIlRjAlOUYlOTMlOEElMjBNb25pdG9yaXphJUMzJUE3JUMzJUEzbyUyMGUlMjBjb250cm9sbyUyMGludGVsaWdlbnRlJTIwZGUlMjB0ZW1wZXJhdHVyYSUyMGUlMjBodW1pZGFkZSUyMiU3RCU1RCU3RCUyQyU3QiUyMnR5cGUlMjIlM0ElMjJsaXN0SXRlbSUyMiUyQyUyMm9yZGVyZWQlMjIlM0FmYWxzZSUyQyUyMmNoaWxkcmVuJTIyJTNBJTVCJTdCJTIydGV4dCUyMiUzQSUyMiVGMCU5RiU4QyU4RCUyMFNvbHUlQzMlQTclQzMlQjVlcyUyMGFtaWdhcyUyMGRvJTIwYW1iaWVudGUlMjBlJTIwZW0lMjBjb25mb3JtaWRhZGUlMjBjb20lMjBhcyUyMG5vcm1hcyUyMiU3RCU1RCU3RCUyQyU3QiUyMnR5cGUlMjIlM0ElMjJoZWFkaW5nJTIyJTJDJTIybGV2ZWwlMjIlM0EyJTJDJTIyY2hpbGRyZW4lMjIlM0ElNUIlN0IlMjJ0ZXh0JTIyJTNBJTIyUG9ycXUlQzMlQUElMjBlc2NvbGhlciUyMGElMjBWb28lMjBkYSUyMEdhciVDMyVBN2ElM0YlMjIlN0QlNUQlN0QlMkMlN0IlMjJ0eXBlJTIyJTNBJTIybGlzdEl0ZW0lMjIlMkMlMjJvcmRlcmVkJTIyJTNBZmFsc2UlMkMlMjJjaGlsZHJlbiUyMiUzQSU1QiU3QiUyMnRleHQlMjIlM0ElMjIlRTIlOUMlOTQlRUYlQjglOEYlMjBUJUMzJUE5Y25pY29zJTIwZXNwZWNpYWxpemFkb3MlMjBlJTIwY2VydGlmaWNhZG9zJTIyJTdEJTVEJTdEJTJDJTdCJTIydHlwZSUyMiUzQSUyMmxpc3RJdGVtJTIyJTJDJTIyb3JkZXJlZCUyMiUzQWZhbHNlJTJDJTIyY2hpbGRyZW4lMjIlM0ElNUIlN0IlMjJ0ZXh0JTIyJTNBJTIyJUUyJTlDJTk0JUVGJUI4JThGJTIwT3IlQzMlQTdhbWVudG9zJTIwdHJhbnNwYXJlbnRlcyUyMGUlMjBzZW0lMjBzdXJwcmVzYXMlMjIlN0QlNUQlN0QlMkMlN0IlMjJ0eXBlJTIyJTNBJTIybGlzdEl0ZW0lMjIlMkMlMjJvcmRlcmVkJTIyJTNBZmFsc2UlMkMlMjJjaGlsZHJlbiUyMiUzQSU1QiU3QiUyMnRleHQlMjIlM0ElMjIlRTIlOUMlOTQlRUYlQjglOEYlMjBDb25mb3JtaWRhZGUlMjB0b3RhbCUyMGNvbSUyMGFzJTIwbm9ybWFzJTIwdCVDMyVBOWNuaWNhcyUyMGUlMjBhbWJpZW50YWlzJTIyJTdEJTVEJTdEJTJDJTdCJTIydHlwZSUyMiUzQSUyMmxpc3RJdGVtJTIyJTJDJTIyb3JkZXJlZCUyMiUzQWZhbHNlJTJDJTIyY2hpbGRyZW4lMjIlM0ElNUIlN0IlMjJ0ZXh0JTIyJTNBJTIyJUUyJTlDJTk0JUVGJUI4JThGJTIwQWNvbXBhbmhhbWVudG8lMjB0JUMzJUE5Y25pY28lMjBlJTIwcCVDMyVCM3MtdmVuZGElMjIlN0QlNUQlN0QlMkMlN0IlMjJ0eXBlJTIyJTNBJTIycCUyMiUyQyUyMmNoaWxkcmVuJTIyJTNBJTVCJTdCJTIydGV4dCUyMiUzQSUyMkdhcmFudGElMjBvJTIwY29uZm9ydG8lMjBlJTIwYSUyMGVmaWNpJUMzJUFBbmNpYSUyMGVuZXJnJUMzJUE5dGljYSUyMGRvJTIwc2V1JTIwZXNwYSVDMyVBN28lMjBjb20lMjBhcyUyMHNvbHUlQzMlQTclQzMlQjVlcyUyMGRlJTIwJTIyJTdEJTJDJTdCJTIydGV4dCUyMiUzQSUyMkFyJTIwQ29uZGljaW9uYWRvJTIwZSUyMEFWQUMlMjIlMkMlMjJib2xkJTIyJTNBdHJ1ZSU3RCUyQyU3QiUyMnRleHQlMjIlM0ElMjIlMjBkYSUyMFZvbyUyMGRhJTIwR2FyJUMzJUE3YS4lMjBDb25maWUlMjBuYSUyMG5vc3NhJTIwZXhwZXJpJUMzJUFBbmNpYSUyMHBhcmElMjB1bSUyMHNlcnZpJUMzJUE3byUyMGRlJTIwcXVhbGlkYWRlJTIwc3VwZXJpb3IuJTIyJTdEJTVEJTdEJTJDJTdCJTIydHlwZSUyMiUzQSUyMnAlMjIlMkMlMjJjaGlsZHJlbiUyMiUzQSU1QiU3QiUyMnRleHQlMjIlM0ElMjIlRjAlOUYlOTMlOUUlMjBDb250YWN0ZS1ub3MlMjBob2plJTIwZSUyMHBlJUMzJUE3YSUyMG8lMjBzZXUlMjBvciVDMyVBN2FtZW50byUyMGdyYXR1aXRvLiUyMiU3RCU1RCU3RCU1RA==\">\n<div class=\"mb-4 last:mb-0 whitespace-pre-wrap u-break-words text-[16px] color-[var(--theme-text-primary)] leading-[28px]\" data-slate-node=\"element\"><span data-slate-node=\"text\"><span class=\"\" data-slate-leaf=\"true\">\ud83d\udcde Contacte-nos hoje e pe\u00e7a o seu or\u00e7amento gratuito.<\/span><\/span><\/div>\n<\/div>\n<p><a class=\"btn  btn-default\" href=\"https:\/\/voodagarca.pt\/index.php\/portefolio\/\" target=\"_blank\">VER OBRAS<\/a>\u00a0 \u00a0 \u00a0 \u00a0 \u00a0 <a class=\"btn  btn-primary\" href=\"https:\/\/voodagarca.pt\/index.php\/contactos\/\" target=\"_blank\">CONTACTE-NOS<\/a><\/p>\n<\/div><\/div><\/div><div id=\"pgc-71-0-1\"  class=\"panel-grid-cell\" ><div id=\"panel-71-0-1-0\" class=\"so-panel widget widget_black-studio-tinymce widget_black_studio_tinymce panel-first-child panel-last-child\" data-index=\"1\" ><div class=\"textwidget\"><p><a href=\"https:\/\/xml-io.proteusthemes.com\/buildpress\/wp-content\/uploads\/sites\/16\/2014\/10\/content_20.jpg\"><img fetchpriority=\"high\" decoding=\"async\" class=\"alignnone wp-image-3141\" src=\"https:\/\/voodagarca.pt\/wp-content\/uploads\/2025\/05\/ar-condicionado-avac.jpg\" alt=\"\" width=\"332\" height=\"221\" srcset=\"https:\/\/voodagarca.pt\/wp-content\/uploads\/2025\/05\/ar-condicionado-avac.jpg 275w, https:\/\/voodagarca.pt\/wp-content\/uploads\/2025\/05\/ar-condicionado-avac-272x182.jpg 272w\" sizes=\"(max-width: 332px) 100vw, 332px\" \/><\/a><\/p>\n<p><img decoding=\"async\" class=\"alignnone  wp-image-3786 lazyload\" data-src=\"https:\/\/voodagarca.pt\/wp-content\/uploads\/2025\/06\/02AVAC-300x237.jpg\" alt=\"\" width=\"332\" height=\"263\" data-srcset=\"https:\/\/voodagarca.pt\/wp-content\/uploads\/2025\/06\/02AVAC-300x237.jpg 300w, https:\/\/voodagarca.pt\/wp-content\/uploads\/2025\/06\/02AVAC-1024x810.jpg 1024w, https:\/\/voodagarca.pt\/wp-content\/uploads\/2025\/06\/02AVAC-768x608.jpg 768w, https:\/\/voodagarca.pt\/wp-content\/uploads\/2025\/06\/02AVAC-1536x1215.jpg 1536w, https:\/\/voodagarca.pt\/wp-content\/uploads\/2025\/06\/02AVAC-2048x1620.jpg 2048w, https:\/\/voodagarca.pt\/wp-content\/uploads\/2025\/06\/02AVAC-555x439.jpg 555w\" data-sizes=\"(max-width: 332px) 100vw, 332px\" src=\"data:image\/svg+xml;base64,PHN2ZyB3aWR0aD0iMSIgaGVpZ2h0PSIxIiB4bWxucz0iaHR0cDovL3d3dy53My5vcmcvMjAwMC9zdmciPjwvc3ZnPg==\" style=\"--smush-placeholder-width: 332px; --smush-placeholder-aspect-ratio: 332\/263;\" \/><\/p>\n<p><img decoding=\"async\" class=\"alignnone  wp-image-3787 lazyload\" data-src=\"https:\/\/voodagarca.pt\/wp-content\/uploads\/2025\/06\/03AVAV-300x225.jpg\" alt=\"\" width=\"332\" height=\"249\" data-srcset=\"https:\/\/voodagarca.pt\/wp-content\/uploads\/2025\/06\/03AVAV-300x225.jpg 300w, https:\/\/voodagarca.pt\/wp-content\/uploads\/2025\/06\/03AVAV-1024x768.jpg 1024w, https:\/\/voodagarca.pt\/wp-content\/uploads\/2025\/06\/03AVAV-768x576.jpg 768w, https:\/\/voodagarca.pt\/wp-content\/uploads\/2025\/06\/03AVAV-1536x1152.jpg 1536w, https:\/\/voodagarca.pt\/wp-content\/uploads\/2025\/06\/03AVAV-2048x1536.jpg 2048w, https:\/\/voodagarca.pt\/wp-content\/uploads\/2025\/06\/03AVAV-555x416.jpg 555w, https:\/\/voodagarca.pt\/wp-content\/uploads\/2025\/06\/03AVAV-100x75.jpg 100w\" data-sizes=\"(max-width: 332px) 100vw, 332px\" src=\"data:image\/svg+xml;base64,PHN2ZyB3aWR0aD0iMSIgaGVpZ2h0PSIxIiB4bWxucz0iaHR0cDovL3d3dy53My5vcmcvMjAwMC9zdmciPjwvc3ZnPg==\" style=\"--smush-placeholder-width: 332px; --smush-placeholder-aspect-ratio: 332\/249;\" \/><\/p>\n<p><img decoding=\"async\" class=\"alignnone  wp-image-3785 lazyload\" data-src=\"https:\/\/voodagarca.pt\/wp-content\/uploads\/2025\/06\/04AVAC-300x225.jpg\" alt=\"\" width=\"329\" height=\"247\" data-srcset=\"https:\/\/voodagarca.pt\/wp-content\/uploads\/2025\/06\/04AVAC-300x225.jpg 300w, https:\/\/voodagarca.pt\/wp-content\/uploads\/2025\/06\/04AVAC-1024x768.jpg 1024w, https:\/\/voodagarca.pt\/wp-content\/uploads\/2025\/06\/04AVAC-768x576.jpg 768w, https:\/\/voodagarca.pt\/wp-content\/uploads\/2025\/06\/04AVAC-1536x1152.jpg 1536w, https:\/\/voodagarca.pt\/wp-content\/uploads\/2025\/06\/04AVAC-2048x1536.jpg 2048w, https:\/\/voodagarca.pt\/wp-content\/uploads\/2025\/06\/04AVAC-555x416.jpg 555w, https:\/\/voodagarca.pt\/wp-content\/uploads\/2025\/06\/04AVAC-100x75.jpg 100w\" data-sizes=\"(max-width: 329px) 100vw, 329px\" src=\"data:image\/svg+xml;base64,PHN2ZyB3aWR0aD0iMSIgaGVpZ2h0PSIxIiB4bWxucz0iaHR0cDovL3d3dy53My5vcmcvMjAwMC9zdmciPjwvc3ZnPg==\" style=\"--smush-placeholder-width: 329px; --smush-placeholder-aspect-ratio: 329\/247;\" \/><\/p>\n<p>&nbsp;<\/p>\n<\/div><\/div><\/div><\/div><\/div>","protected":false},"excerpt":{"rendered":"<p>Sistemas de Ar Condicionado e AVAC (split, multi-split, VRV\/VRF), oferecendo solu\u00e7\u00f5es completas e personalizadas para garantir o conforto t\u00e9rmico e a qualidade do ar em ambientes residenciais e comerciais&#8230;<\/p>\n","protected":false},"author":1,"featured_media":3141,"parent":49,"menu_order":0,"comment_status":"closed","ping_status":"open","template":"","meta":{"_acf_changed":false,"_monsterinsights_skip_tracking":false,"_monsterinsights_sitenote_active":false,"_monsterinsights_sitenote_note":"","_monsterinsights_sitenote_category":0,"footnotes":""},"class_list":["post-71","page","type-page","status-publish","has-post-thumbnail","hentry"],"acf":[],"aioseo_notices":[],"_links":{"self":[{"href":"https:\/\/voodagarca.pt\/index.php\/wp-json\/wp\/v2\/pages\/71","targetHints":{"allow":["GET"]}}],"collection":[{"href":"https:\/\/voodagarca.pt\/index.php\/wp-json\/wp\/v2\/pages"}],"about":[{"href":"https:\/\/voodagarca.pt\/index.php\/wp-json\/wp\/v2\/types\/page"}],"author":[{"embeddable":true,"href":"https:\/\/voodagarca.pt\/index.php\/wp-json\/wp\/v2\/users\/1"}],"replies":[{"embeddable":true,"href":"https:\/\/voodagarca.pt\/index.php\/wp-json\/wp\/v2\/comments?post=71"}],"version-history":[{"count":0,"href":"https:\/\/voodagarca.pt\/index.php\/wp-json\/wp\/v2\/pages\/71\/revisions"}],"up":[{"embeddable":true,"href":"https:\/\/voodagarca.pt\/index.php\/wp-json\/wp\/v2\/pages\/49"}],"wp:featuredmedia":[{"embeddable":true,"href":"https:\/\/voodagarca.pt\/index.php\/wp-json\/wp\/v2\/media\/3141"}],"wp:attachment":[{"href":"https:\/\/voodagarca.pt\/index.php\/wp-json\/wp\/v2\/media?parent=71"}],"curies":[{"name":"wp","href":"https:\/\/api.w.org\/{rel}","templated":true}]}}