{"id":3580,"date":"2025-06-13T20:02:45","date_gmt":"2025-06-13T20:02:45","guid":{"rendered":"https:\/\/voodagarca.pt\/?page_id=3580"},"modified":"2025-06-14T19:55:48","modified_gmt":"2025-06-14T19:55:48","slug":"politica-de-privacidade","status":"publish","type":"page","link":"https:\/\/voodagarca.pt\/index.php\/politica-de-privacidade\/","title":{"rendered":"Pol\u00edtica de Privacidade (RGPD-compliant)"},"content":{"rendered":"<div id=\"pl-3580\"  class=\"panel-layout\" ><div id=\"pg-3580-0\"  class=\"panel-grid panel-no-style\" ><div id=\"pgc-3580-0-0\"  class=\"panel-grid-cell\" ><div id=\"panel-3580-0-0-0\" class=\"so-panel widget widget_text panel-first-child\" data-index=\"0\" >\t\t\t<div class=\"textwidget\"><p>A<strong> Voo da Gar\u00e7a \u2013 Constru\u00e7\u00e3o e Investimentos Imobili\u00e1rios Unip., Lda<\/strong> compromete-se a proteger a privacidade dos utilizadores do seu site, em conformidade com o Regulamento Geral sobre a Prote\u00e7\u00e3o de Dados (RGPD) e a Lei n.\u00ba 58\/2019.<\/p>\n<\/div>\n\t\t<\/div><div id=\"panel-3580-0-0-1\" class=\"so-panel widget widget_black-studio-tinymce widget_black_studio_tinymce\" data-index=\"1\" ><h3 class=\"widget-title\">Respons\u00e1vel pelo Tratamento de Dados<\/h3><div class=\"textwidget\"><div class=\"mb-[16px]\">\n<div class=\"mb-4 last:mb-0 whitespace-pre-wrap u-break-words text-[16px] color-[var(--theme-text-primary)] leading-[28px]\" data-slate-node=\"element\"><strong><span class=\"font-bold\" data-slate-leaf=\"true\">Nome:<\/span><\/strong><span data-slate-node=\"text\"><span class=\"\" data-slate-leaf=\"true\"> Voo da Gar\u00e7a \u2013 Constru\u00e7\u00e3o e Investimentos Imobili\u00e1rios Unip, Lda<br \/>\n<\/span><\/span><strong><span class=\"font-bold\" data-slate-leaf=\"true\">NIPC:<\/span><\/strong><span data-slate-node=\"text\"><span class=\"\" data-slate-leaf=\"true\"> 507 701 542<br \/>\n<\/span><\/span><strong><span class=\"font-bold\" data-slate-leaf=\"true\">Morada:<\/span><\/strong><span data-slate-node=\"text\"><span class=\"\" data-slate-leaf=\"true\"> Rua Jos\u00e9 Joaquim da Veiga 187<br \/>\n2660-289 Santo Ant\u00f3nio dos Cavaleiros<br \/>\n<\/span><\/span><strong><span class=\"font-bold\" data-slate-leaf=\"true\">Email:<\/span><\/strong> <a class=\"text-[var(--text-brand)] hover:opacity-80 active:opacity-60 clickable\" href=\"mailto:geral@voodagarca.pt\" target=\"_blank\" rel=\"noreferrer noopener\" data-slate-node=\"element\" data-slate-inline=\"true\"><span data-slate-node=\"text\"><span class=\"\" data-slate-leaf=\"true\">geral@voodagarca.pt<\/span><\/span><\/a><\/div>\n<\/div>\n<div class=\"mb-[16px]\" data-slate-fragment=\"JTVCJTdCJTIydHlwZSUyMiUzQSUyMnAlMjIlMkMlMjJjaGlsZHJlbiUyMiUzQSU1QiU3QiUyMnRleHQlMjIlM0ElMjJOb21lJTNBJTIyJTJDJTIyYm9sZCUyMiUzQXRydWUlN0QlMkMlN0IlMjJ0ZXh0JTIyJTNBJTIyJTIwVm9vJTIwZGElMjBHYXIlQzMlQTdhJTIwJUUyJTgwJTkzJTIwQ29uc3RydSVDMyVBNyVDMyVBM28lMjBlJTIwSW52ZXN0aW1lbnRvcyUyMEltb2JpbGklQzMlQTFyaW9zJTIwVW5pcCUyQyUyMExkYSU1Q24lMjIlN0QlMkMlN0IlMjJ0ZXh0JTIyJTNBJTIyTklGJTNBJTIyJTJDJTIyYm9sZCUyMiUzQXRydWUlN0QlMkMlN0IlMjJ0ZXh0JTIyJTNBJTIyJTIwNTA3JTIwNzAxJTIwNTQyJTVDbiUyMiU3RCUyQyU3QiUyMnRleHQlMjIlM0ElMjJNb3JhZGElM0ElMjIlMkMlMjJib2xkJTIyJTNBdHJ1ZSU3RCUyQyU3QiUyMnRleHQlMjIlM0ElMjIlMjBSdWElMjBKb3MlQzMlQTklMjBKb2FxdWltJTIwZGElMjBWZWlnYSUyMDE4NyUyQyUyMDI2NjAtMjg5JTIwU2FudG8lMjBBbnQlQzMlQjNuaW8lMjBkb3MlMjBDYXZhbGVpcm9zJTVDbiUyMiU3RCUyQyU3QiUyMnRleHQlMjIlM0ElMjJFbWFpbCUzQSUyMiUyQyUyMmJvbGQlMjIlM0F0cnVlJTdEJTJDJTdCJTIydGV4dCUyMiUzQSUyMiUyMCUyMiU3RCUyQyU3QiUyMnR5cGUlMjIlM0ElMjJsaW5rJTIyJTJDJTIydXJsJTIyJTNBJTIybWFpbHRvJTNBZ2VyYWwlNDB2b29kYWdhcmNhLnB0JTIyJTJDJTIyY2hpbGRyZW4lMjIlM0ElNUIlN0IlMjJ0ZXh0JTIyJTNBJTIyZ2VyYWwlNDB2b29kYWdhcmNhLnB0JTIyJTdEJTVEJTdEJTVEJTdEJTJDJTdCJTIydHlwZSUyMiUzQSUyMnAlMjIlMkMlMjJjaGlsZHJlbiUyMiUzQSU1QiU3QiUyMnRleHQlMjIlM0ElMjJPcyUyMGRhZG9zJTIwcGVzc29haXMlMjByZWNvbGhpZG9zJTIwbm8lMjBzaXRlJTIwdCVDMyVBQW0lMjBjb21vJTIwZmluYWxpZGFkZSUyMHJlc3BvbmRlciUyMGElMjBwZWRpZG9zJTIwZGUlMjBjb250YWN0byUyQyUyMGVudmlhciUyMGluZm9ybWElQzMlQTclQzMlQjVlcyUyMHNvYnJlJTIwb3MlMjBub3Nzb3MlMjBzZXJ2aSVDMyVBN29zJTIwZSUyMGRpdnVsZ2FyJTIwbm92aWRhZGVzJTJDJTIwc2VtcHJlJTIwY29tJTIwbyUyMHNldSUyMGNvbnNlbnRpbWVudG8lMjBwciVDMyVBOXZpby4lMjIlN0QlNUQlN0QlNUQ=\">\n<div class=\"mb-4 last:mb-0 whitespace-pre-wrap u-break-words text-[16px] color-[var(--theme-text-primary)] leading-[28px]\" data-slate-node=\"element\"><span data-slate-node=\"text\"><span class=\"\" data-slate-leaf=\"true\"><br \/>\nOs dados pessoais recolhidos no site t\u00eam como finalidade responder a pedidos de contacto, enviar informa\u00e7\u00f5es sobre os nossos servi\u00e7os e divulgar novidades, sempre com o seu consentimento pr\u00e9vio.<\/span><\/span><\/div>\n<\/div>\n<\/div><\/div><div id=\"panel-3580-0-0-2\" class=\"so-panel widget widget_black-studio-tinymce widget_black_studio_tinymce\" data-index=\"2\" ><h3 class=\"widget-title\">Dados Recolhidos e Finalidade<\/h3><div class=\"textwidget\"><p>\u2022 Os dados pessoais recolhidos no site, fornecidos voluntariamente atrav\u00e9s do formul\u00e1rio de contacto, t\u00eam como finalidade responder a pedidos de contacto, enviar informa\u00e7\u00f5es sobre os nossos servi\u00e7os, divulgar novidades, melhorar a experi\u00eancia do utilizador no site, garantir a seguran\u00e7a e funcionamento t\u00e9cnico do site.<\/p>\n<p>\u2022 Cookies conforme descrito na nossa Pol\u00edtica de Cookies<\/p>\n<\/div><\/div><div id=\"panel-3580-0-0-3\" class=\"so-panel widget widget_black-studio-tinymce widget_black_studio_tinymce\" data-index=\"3\" ><h3 class=\"widget-title\">Fundamento jur\u00eddico do tratamento  <\/h3><div class=\"textwidget\"><p>O tratamento baseia-se no consentimento do utilizador (art. 6.\u00ba RGPD), bem como no interesse leg\u00edtimo da empresa em assegurar a funcionalidade do site.<\/p>\n<\/div><\/div><div id=\"panel-3580-0-0-4\" class=\"so-panel widget widget_black-studio-tinymce widget_black_studio_tinymce\" data-index=\"4\" ><h3 class=\"widget-title\">Per\u00edodo de Conserva\u00e7\u00e3o dos Dados<\/h3><div class=\"textwidget\"><p>Os dados ser\u00e3o armazenados apenas pelo tempo necess\u00e1rio \u00e0s finalidades indicadas, salvo se existirem obriga\u00e7\u00f5es legais que exijam per\u00edodos mais longos. <span data-slate-fragment=\"JTVCJTdCJTIydHlwZSUyMiUzQSUyMnAlMjIlMkMlMjJjaGlsZHJlbiUyMiUzQSU1QiU3QiUyMnRleHQlMjIlM0ElMjJPcyUyMGRhZG9zJTIwc2VyJUMzJUEzbyUyMGFybWF6ZW5hZG9zJTIwZW5xdWFudG8lMjBmb3JlbSUyMG5lY2VzcyVDMyVBMXJpb3MlMjBwYXJhJTIwYSUyMGZpbmFsaWRhZGUlMjBlc3BlYyVDMyVBRGZpY2EuJTIwQXAlQzMlQjNzJTIwZXNzZSUyMHBlciVDMyVBRG9kbyUyQyUyMHNlciVDMyVBM28lMjBlbGltaW5hZG9zJTIwb3UlMjBhbm9uaW1pemFkb3MuJTIyJTdEJTVEJTdEJTVE\">Ap\u00f3s esse per\u00edodo, ser\u00e3o eliminados ou anonimizados.<\/span><\/p>\n<\/div><\/div><div id=\"panel-3580-0-0-5\" class=\"so-panel widget widget_black-studio-tinymce widget_black_studio_tinymce\" data-index=\"5\" ><h3 class=\"widget-title\">Direitos dos Titulares dos Dados<\/h3><div class=\"textwidget\"><div class=\"mb-[16px]\">\n<div class=\"mb-4 last:mb-0 whitespace-pre-wrap u-break-words text-[16px] color-[var(--theme-text-primary)] leading-[28px]\" data-slate-node=\"element\">\n<div class=\"mb-[16px]\">\n<div class=\"mb-4 last:mb-0 whitespace-pre-wrap u-break-words text-[16px] color-[var(--theme-text-primary)] leading-[28px]\" data-slate-node=\"element\">\n<p>Pode exercer os seguintes direitos, contactando-nos:<\/p>\n<p>\u2022 Aceder aos seus dados pessoais;<br \/>\n\u2022 Retificar dados incorretos;<br \/>\n\u2022 Apagar os seus dados (\"direito ao esquecimento\");<br \/>\n\u2022 Limitar o tratamento dos seus dados;<br \/>\n\u2022 Opor-se ao tratamento dos seus dados;<br \/>\n\u2022 Revogar o consentimento a qualquer momento.<\/p><\/div>\n<\/div>\n<div class=\"mb-[16px]\" data-slate-fragment=\"JTVCJTdCJTIydHlwZSUyMiUzQSUyMnAlMjIlMkMlMjJjaGlsZHJlbiUyMiUzQSU1QiU3QiUyMnRleHQlMjIlM0ElMjJPcyUyMHRpdHVsYXJlcyUyMGRvcyUyMGRhZG9zJTIwdCVDMyVBQW0lMjBvJTIwZGlyZWl0byUyMGRlJTNBJTIyJTdEJTVEJTdEJTJDJTdCJTIydHlwZSUyMiUzQSUyMmxpc3RJdGVtJTIyJTJDJTIyb3JkZXJlZCUyMiUzQWZhbHNlJTJDJTIyY2hpbGRyZW4lMjIlM0ElNUIlN0IlMjJ0ZXh0JTIyJTNBJTIyQWNlZGVyJTIwYW9zJTIwc2V1cyUyMGRhZG9zJTIwcGVzc29haXMlM0IlMjIlN0QlNUQlN0QlMkMlN0IlMjJ0eXBlJTIyJTNBJTIybGlzdEl0ZW0lMjIlMkMlMjJvcmRlcmVkJTIyJTNBZmFsc2UlMkMlMjJjaGlsZHJlbiUyMiUzQSU1QiU3QiUyMnRleHQlMjIlM0ElMjJSZXRpZmljYXIlMjBkYWRvcyUyMGluY29ycmV0b3MlM0IlMjIlN0QlNUQlN0QlMkMlN0IlMjJ0eXBlJTIyJTNBJTIybGlzdEl0ZW0lMjIlMkMlMjJvcmRlcmVkJTIyJTNBZmFsc2UlMkMlMjJjaGlsZHJlbiUyMiUzQSU1QiU3QiUyMnRleHQlMjIlM0ElMjJBcGFnYXIlMjBvcyUyMHNldXMlMjBkYWRvcyUyMCglNUMlMjJkaXJlaXRvJTIwYW8lMjBlc3F1ZWNpbWVudG8lNUMlMjIpJTNCJTIyJTdEJTVEJTdEJTJDJTdCJTIydHlwZSUyMiUzQSUyMmxpc3RJdGVtJTIyJTJDJTIyb3JkZXJlZCUyMiUzQWZhbHNlJTJDJTIyY2hpbGRyZW4lMjIlM0ElNUIlN0IlMjJ0ZXh0JTIyJTNBJTIyTGltaXRhciUyMG8lMjB0cmF0YW1lbnRvJTIwZG9zJTIwc2V1cyUyMGRhZG9zJTNCJTIyJTdEJTVEJTdEJTJDJTdCJTIydHlwZSUyMiUzQSUyMmxpc3RJdGVtJTIyJTJDJTIyb3JkZXJlZCUyMiUzQWZhbHNlJTJDJTIyY2hpbGRyZW4lMjIlM0ElNUIlN0IlMjJ0ZXh0JTIyJTNBJTIyU2UlMjBvcG9yJTIwYW8lMjB0cmF0YW1lbnRvJTIwZG9zJTIwc2V1cyUyMGRhZG9zJTNCJTIyJTdEJTVEJTdEJTJDJTdCJTIydHlwZSUyMiUzQSUyMmxpc3RJdGVtJTIyJTJDJTIyb3JkZXJlZCUyMiUzQWZhbHNlJTJDJTIyY2hpbGRyZW4lMjIlM0ElNUIlN0IlMjJ0ZXh0JTIyJTNBJTIyUmV0aXJhciUyMG8lMjBjb25zZW50aW1lbnRvJTIwYSUyMHF1YWxxdWVyJTIwbW9tZW50by4lMjIlN0QlNUQlN0QlMkMlN0IlMjJ0eXBlJTIyJTNBJTIycCUyMiUyQyUyMmNoaWxkcmVuJTIyJTNBJTVCJTdCJTIydGV4dCUyMiUzQSUyMkVzdGVzJTIwZGlyZWl0b3MlMjBwb2RlbSUyMHNlciUyMGV4ZXJjaWRvcyUyMGNvbnRhY3RhbmRvLW5vcyUyMHBhcmElMjAlMjIlN0QlMkMlN0IlMjJ0eXBlJTIyJTNBJTIybGluayUyMiUyQyUyMnVybCUyMiUzQSUyMm1haWx0byUzQWdlcmFsJTQwdm9vZGFnYXJjYS5wdCUyMiUyQyUyMmNoaWxkcmVuJTIyJTNBJTVCJTdCJTIydGV4dCUyMiUzQSUyMmdlcmFsJTQwdm9vZGFnYXJjYS5wdCUyMiU3RCU1RCU3RCUyQyU3QiUyMnRleHQlMjIlM0ElMjIuJTIyJTdEJTVEJTdEJTVE\">\n<div class=\"mb-4 last:mb-0 whitespace-pre-wrap u-break-words text-[16px] color-[var(--theme-text-primary)] leading-[28px]\" data-slate-node=\"element\"><span data-slate-node=\"text\"><span class=\"\" data-slate-leaf=\"true\">Estes direitos podem ser exercidos contactando-nos para <\/span><\/span><a class=\"text-[var(--text-brand)] hover:opacity-80 active:opacity-60 clickable\" href=\"mailto:geral@voodagarca.pt\" target=\"_blank\" rel=\"noreferrer noopener\" data-slate-node=\"element\" data-slate-inline=\"true\"><span data-slate-node=\"text\"><span class=\"\" data-slate-leaf=\"true\">geral@voodagarca.pt<\/span><\/span><\/a><span data-slate-node=\"text\"><span class=\"\" data-slate-leaf=\"true\">.<\/span><\/span><\/div>\n<\/div>\n<\/div>\n<\/div>\n<\/div><\/div><div id=\"panel-3580-0-0-6\" class=\"so-panel widget widget_black-studio-tinymce widget_black_studio_tinymce\" data-index=\"6\" ><h3 class=\"widget-title\">Cookies<\/h3><div class=\"textwidget\"><p><span data-slate-fragment=\"JTVCJTdCJTIydHlwZSUyMiUzQSUyMnAlMjIlMkMlMjJjaGlsZHJlbiUyMiUzQSU1QiU3QiUyMnRleHQlMjIlM0ElMjJFc3RlJTIwc2l0ZSUyMHV0aWxpemElMjBjb29raWVzJTIwcHIlQzMlQjNwcmlvcyUyMGUlMjBkZSUyMHRlcmNlaXJvcyUyMHBhcmElMjBtZWxob3JhciUyMGElMjBleHBlcmklQzMlQUFuY2lhJTIwZG8lMjB1dGlsaXphZG9yJTIwZSUyMGFuYWxpc2FyJTIwbyUyMHRyJUMzJUExZmVnby4lMjBQb2RlcyUyMHNhYmVyJTIwbWFpcyUyMG5hJTIwbm9zc2ElMjBQb2wlQzMlQUR0aWNhJTIwZGUlMjBDb29raWVzLiUyMiU3RCU1RCU3RCU1RA==\">Este site utiliza cookies pr\u00f3prios e de terceiros para melhorar a experi\u00eancia do utilizador e analisar o tr\u00e1fego. Pode saber mais na nossa Pol\u00edtica de Cookies.<\/span><\/p>\n<\/div><\/div><div id=\"panel-3580-0-0-7\" class=\"so-panel widget widget_black-studio-tinymce widget_black_studio_tinymce\" data-index=\"7\" ><h3 class=\"widget-title\">Altera\u00e7\u00f5es \u00e0 Pol\u00edtica de Privacidade  <\/h3><div class=\"textwidget\"><p>Podemos atualizar esta pol\u00edtica periodicamente. Qualquer altera\u00e7\u00e3o ser\u00e1 publicada nesta p\u00e1gina.<\/p>\n<\/div><\/div><div id=\"panel-3580-0-0-8\" class=\"so-panel widget widget_black-studio-tinymce widget_black_studio_tinymce panel-last-child\" data-index=\"8\" ><h3 class=\"widget-title\">Medidas de Seguran\u00e7a<\/h3><div class=\"textwidget\"><p><span data-slate-fragment=\"JTVCJTdCJTIydHlwZSUyMiUzQSUyMnAlMjIlMkMlMjJjaGlsZHJlbiUyMiUzQSU1QiU3QiUyMnRleHQlMjIlM0ElMjJBZG90YW1vcyUyMG1lZGlkYXMlMjB0JUMzJUE5Y25pY2FzJTIwZSUyMG9yZ2FuaXphdGl2YXMlMjBhZGVxdWFkYXMlMjBwYXJhJTIwcHJvdGVnZXIlMjBvcyUyMGRhZG9zJTIwcGVzc29haXMlMjBjb250cmElMjBwZXJkYXMlMkMlMjBhY2Vzc29zJTIwbiVDMyVBM28lMjBhdXRvcml6YWRvcyUyQyUyMGFsdGVyYSVDMyVBNyVDMyVCNWVzJTJDJTIwZGl2dWxnYSVDMyVBNyVDMyVCNWVzJTIwb3UlMjBkZXN0cnVpJUMzJUE3JUMzJUEzby4lMjIlN0QlNUQlN0QlNUQ=\">Adotamos medidas t\u00e9cnicas e organizativas adequadas para proteger os dados pessoais contra perdas, acessos n\u00e3o autorizados, altera\u00e7\u00e3o indevida, divulga\u00e7\u00f5es ou destrui\u00e7\u00e3o.<\/span><\/p>\n<p><a class=\"btn  btn-primary\" href=\"https:\/\/voodagarca.pt\/\" target=\"_self\">VOLTAR<\/a><\/p>\n<\/div><\/div><\/div><\/div><\/div>","protected":false},"excerpt":{"rendered":"<p>A Voo da Gar\u00e7a \u2013 Constru\u00e7\u00e3o e Investimentos Imobili\u00e1rios Unip., Lda compromete-se a proteger a privacidade dos utilizadores do seu site, em conformidade com o Regulamento Geral sobre a Prote\u00e7\u00e3o de Dados (RGPD) e a Lei n.\u00ba 58\/2019. Nome: Voo da Gar\u00e7a \u2013 Constru\u00e7\u00e3o e Investimentos Imobili\u00e1rios Unip, Lda NIPC: 507 701 542 Morada: Rua &hellip;<\/p>\n","protected":false},"author":1,"featured_media":0,"parent":0,"menu_order":0,"comment_status":"closed","ping_status":"closed","template":"","meta":{"_acf_changed":false,"_monsterinsights_skip_tracking":false,"_monsterinsights_sitenote_active":false,"_monsterinsights_sitenote_note":"","_monsterinsights_sitenote_category":0,"footnotes":""},"class_list":["post-3580","page","type-page","status-publish","hentry"],"acf":[],"aioseo_notices":[],"_links":{"self":[{"href":"https:\/\/voodagarca.pt\/index.php\/wp-json\/wp\/v2\/pages\/3580","targetHints":{"allow":["GET"]}}],"collection":[{"href":"https:\/\/voodagarca.pt\/index.php\/wp-json\/wp\/v2\/pages"}],"about":[{"href":"https:\/\/voodagarca.pt\/index.php\/wp-json\/wp\/v2\/types\/page"}],"author":[{"embeddable":true,"href":"https:\/\/voodagarca.pt\/index.php\/wp-json\/wp\/v2\/users\/1"}],"replies":[{"embeddable":true,"href":"https:\/\/voodagarca.pt\/index.php\/wp-json\/wp\/v2\/comments?post=3580"}],"version-history":[{"count":0,"href":"https:\/\/voodagarca.pt\/index.php\/wp-json\/wp\/v2\/pages\/3580\/revisions"}],"wp:attachment":[{"href":"https:\/\/voodagarca.pt\/index.php\/wp-json\/wp\/v2\/media?parent=3580"}],"curies":[{"name":"wp","href":"https:\/\/api.w.org\/{rel}","templated":true}]}}